{"id":2622,"date":"2019-11-24T09:55:24","date_gmt":"2019-11-24T09:55:24","guid":{"rendered":"https:\/\/wp-test.getgolo.com\/?page_id=2622"},"modified":"2026-01-27T11:59:51","modified_gmt":"2026-01-27T10:59:51","slug":"faqs","status":"publish","type":"page","link":"https:\/\/zanzibar.app\/de-de\/faqs\/","title":{"rendered":"H\u00e4ufig gestellte Fragen"},"content":{"rendered":"<div data-elementor-type=\"wp-page\" data-elementor-id=\"2622\" class=\"elementor elementor-2622\">\n\t\t\t\t\t\t<section class=\"elementor-section elementor-top-section elementor-element elementor-element-4d2958a elementor-section-stretched elementor-section-boxed elementor-section-gap-beside-yes elementor-section-height-default elementor-section-height-default elementor-section-column-vertical-align-stretch\" data-id=\"4d2958a\" data-element_type=\"section\" data-e-type=\"section\" data-settings=\"{&quot;stretch_section&quot;:&quot;section-stretched&quot;,&quot;background_background&quot;:&quot;classic&quot;}\">\n\t\t\t\t\t\t<div class=\"elementor-container elementor-column-gap-extended\">\n\t\t\t\t\t<div class=\"elementor-column elementor-col-100 elementor-top-column elementor-element elementor-element-6230919\" data-id=\"6230919\" data-element_type=\"column\" data-e-type=\"column\">\n\t\t\t<div class=\"elementor-widget-wrap elementor-element-populated\">\n\t\t\t\t\t\t<div class=\"elementor-element elementor-element-e003897 elementor-widget elementor-widget-heading\" data-id=\"e003897\" data-element_type=\"widget\" data-e-type=\"widget\" data-widget_type=\"heading.default\">\n\t\t\t\t<div class=\"elementor-widget-container\">\n\t\t\t\t\t<h2 class=\"elementor-heading-title elementor-size-default\">H\u00e4ufig gestellte Fragen<\/h2>\t\t\t\t<\/div>\n\t\t\t\t<\/div>\n\t\t\t\t<div class=\"elementor-element elementor-element-b84bccf elementor-widget elementor-widget-text-editor\" data-id=\"b84bccf\" data-element_type=\"widget\" data-e-type=\"widget\" data-widget_type=\"text-editor.default\">\n\t\t\t\t<div class=\"elementor-widget-container\">\n\t\t\t\t\t\t\t\t\t<p>Lesen Sie die h\u00e4ufig gestellten Fragen zur Sansibar-App, um Antworten auf h\u00e4ufig gestellte Fragen zu erhalten.<\/p>\t\t\t\t\t\t\t\t<\/div>\n\t\t\t\t<\/div>\n\t\t\t\t\t<\/div>\n\t\t<\/div>\n\t\t\t\t\t<\/div>\n\t\t<\/section>\n\t\t\t\t<section class=\"elementor-section elementor-top-section elementor-element elementor-element-56363f3 elementor-section-boxed elementor-section-gap-beside-yes elementor-section-height-default elementor-section-height-default elementor-section-content-align-center elementor-section-column-vertical-align-stretch\" data-id=\"56363f3\" data-element_type=\"section\" data-e-type=\"section\">\n\t\t\t\t\t\t<div class=\"elementor-container elementor-column-gap-extended\">\n\t\t\t\t\t<div class=\"elementor-column elementor-col-100 elementor-top-column elementor-element elementor-element-2e0a44e\" data-id=\"2e0a44e\" data-element_type=\"column\" data-e-type=\"column\">\n\t\t\t<div class=\"elementor-widget-wrap elementor-element-populated\">\n\t\t\t\t\t\t<div class=\"elementor-element elementor-element-5deb8ce elementor-widget elementor-widget-heading\" data-id=\"5deb8ce\" data-element_type=\"widget\" data-e-type=\"widget\" data-widget_type=\"heading.default\">\n\t\t\t\t<div class=\"elementor-widget-container\">\n\t\t\t\t\t<h3 class=\"elementor-heading-title elementor-size-default\">H\u00e4ufig gestellte Fragen<\/h3>\t\t\t\t<\/div>\n\t\t\t\t<\/div>\n\t\t\t\t<div class=\"elementor-element elementor-element-97ad085 elementor-widget elementor-widget-toggle\" data-id=\"97ad085\" data-element_type=\"widget\" data-e-type=\"widget\" data-widget_type=\"toggle.default\">\n\t\t\t\t<div class=\"elementor-widget-container\">\n\t\t\t\t\t\t\t<div class=\"elementor-toggle\">\n\t\t\t\t\t\t\t<div class=\"elementor-toggle-item\">\n\t\t\t\t\t<div id=\"elementor-tab-title-1591\" class=\"elementor-tab-title\" data-tab=\"1\" role=\"button\" aria-controls=\"elementor-tab-content-1591\" aria-expanded=\"false\">\n\t\t\t\t\t\t\t\t\t\t\t\t<span class=\"elementor-toggle-icon elementor-toggle-icon-right\" aria-hidden=\"true\">\n\t\t\t\t\t\t\t\t\t\t\t\t\t\t\t<span class=\"elementor-toggle-icon-closed\"><i class=\"las la-plus\"><\/i><\/span>\n\t\t\t\t\t\t\t\t<span class=\"elementor-toggle-icon-opened\"><i class=\"elementor-toggle-icon-opened  las la-minus\"><\/i><\/span>\n\t\t\t\t\t\t\t\t\t\t\t\t\t<\/span>\n\t\t\t\t\t\t\t\t\t\t\t\t<a class=\"elementor-toggle-title\" tabindex=\"0\">Wie registriere ich mich?<\/a>\n\t\t\t\t\t<\/div>\n\n\t\t\t\t\t<div id=\"elementor-tab-content-1591\" class=\"elementor-tab-content elementor-clearfix\" data-tab=\"1\" role=\"region\" aria-labelledby=\"elementor-tab-title-1591\"><p>Bitte w\u00e4hlen Sie auf der Startseite den Men\u00fcpunkt \u201eLogin\u201c, um zum Anmeldeformular zu gelangen. Dann m\u00fcssen Sie das Formular ausf\u00fcllen. Sobald Sie das Formular ausgef\u00fcllt haben, k\u00f6nnen Sie auf \u201eAnmelden\u201c klicken und erhalten eine Best\u00e4tigungsmail zur Verifizierung Ihrer Anmeldung.<\/p><\/div>\n\t\t\t\t<\/div>\n\t\t\t\t\t\t\t<div class=\"elementor-toggle-item\">\n\t\t\t\t\t<div id=\"elementor-tab-title-1592\" class=\"elementor-tab-title\" data-tab=\"2\" role=\"button\" aria-controls=\"elementor-tab-content-1592\" aria-expanded=\"false\">\n\t\t\t\t\t\t\t\t\t\t\t\t<span class=\"elementor-toggle-icon elementor-toggle-icon-right\" aria-hidden=\"true\">\n\t\t\t\t\t\t\t\t\t\t\t\t\t\t\t<span class=\"elementor-toggle-icon-closed\"><i class=\"las la-plus\"><\/i><\/span>\n\t\t\t\t\t\t\t\t<span class=\"elementor-toggle-icon-opened\"><i class=\"elementor-toggle-icon-opened  las la-minus\"><\/i><\/span>\n\t\t\t\t\t\t\t\t\t\t\t\t\t<\/span>\n\t\t\t\t\t\t\t\t\t\t\t\t<a class=\"elementor-toggle-title\" tabindex=\"0\">Fallen Anmeldegeb\u00fchren an?<\/a>\n\t\t\t\t\t<\/div>\n\n\t\t\t\t\t<div id=\"elementor-tab-content-1592\" class=\"elementor-tab-content elementor-clearfix\" data-tab=\"2\" role=\"region\" aria-labelledby=\"elementor-tab-title-1592\"><p>Die Registrierung ist kostenlos. Benutzer k\u00f6nnen kostenlose Mitgliedskonten auf der Website\/App erstellen.<\/p><\/div>\n\t\t\t\t<\/div>\n\t\t\t\t\t\t\t<div class=\"elementor-toggle-item\">\n\t\t\t\t\t<div id=\"elementor-tab-title-1593\" class=\"elementor-tab-title\" data-tab=\"3\" role=\"button\" aria-controls=\"elementor-tab-content-1593\" aria-expanded=\"false\">\n\t\t\t\t\t\t\t\t\t\t\t\t<span class=\"elementor-toggle-icon elementor-toggle-icon-right\" aria-hidden=\"true\">\n\t\t\t\t\t\t\t\t\t\t\t\t\t\t\t<span class=\"elementor-toggle-icon-closed\"><i class=\"las la-plus\"><\/i><\/span>\n\t\t\t\t\t\t\t\t<span class=\"elementor-toggle-icon-opened\"><i class=\"elementor-toggle-icon-opened  las la-minus\"><\/i><\/span>\n\t\t\t\t\t\t\t\t\t\t\t\t\t<\/span>\n\t\t\t\t\t\t\t\t\t\t\t\t<a class=\"elementor-toggle-title\" tabindex=\"0\">Wie sicher ist mein Geld?<\/a>\n\t\t\t\t\t<\/div>\n\n\t\t\t\t\t<div id=\"elementor-tab-content-1593\" class=\"elementor-tab-content elementor-clearfix\" data-tab=\"3\" role=\"region\" aria-labelledby=\"elementor-tab-title-1593\"><p>Absolut. Ihre Kreditkarteninformationen werden w\u00e4hrend der \u00dcbertragung verschl\u00fcsselt. Wir speichern keine Informationen zu Ihrer Zahlung oder Kreditkarte. Diese Finanzinformationen gelangen niemals in unsere Kontrolle. Die Informationen werden auf einer Seite angegeben, die in Wirklichkeit eine Seite unseres Zahlungsdienstleisters ist.<\/p><\/div>\n\t\t\t\t<\/div>\n\t\t\t\t\t\t\t<div class=\"elementor-toggle-item\">\n\t\t\t\t\t<div id=\"elementor-tab-title-1594\" class=\"elementor-tab-title\" data-tab=\"4\" role=\"button\" aria-controls=\"elementor-tab-content-1594\" aria-expanded=\"false\">\n\t\t\t\t\t\t\t\t\t\t\t\t<span class=\"elementor-toggle-icon elementor-toggle-icon-right\" aria-hidden=\"true\">\n\t\t\t\t\t\t\t\t\t\t\t\t\t\t\t<span class=\"elementor-toggle-icon-closed\"><i class=\"las la-plus\"><\/i><\/span>\n\t\t\t\t\t\t\t\t<span class=\"elementor-toggle-icon-opened\"><i class=\"elementor-toggle-icon-opened  las la-minus\"><\/i><\/span>\n\t\t\t\t\t\t\t\t\t\t\t\t\t<\/span>\n\t\t\t\t\t\t\t\t\t\t\t\t<a class=\"elementor-toggle-title\" tabindex=\"0\">Ich habe meinen Benutzernamen\/Passwort vergessen. Was kann ich machen?<\/a>\n\t\t\t\t\t<\/div>\n\n\t\t\t\t\t<div id=\"elementor-tab-content-1594\" class=\"elementor-tab-content elementor-clearfix\" data-tab=\"4\" role=\"region\" aria-labelledby=\"elementor-tab-title-1594\"><p>Bitte w\u00e4hlen Sie auf der Startseite den Men\u00fcpunkt \u201eAnmelden\u201c und klicken Sie auf \u201ePasswort vergessen\u201c. Bitte geben Sie Ihre E-Mail-Adresse ein. Sie erhalten eine Verifizierungsmail an Ihre E-Mail-Adresse.<\/p><\/div>\n\t\t\t\t<\/div>\n\t\t\t\t\t\t\t<div class=\"elementor-toggle-item\">\n\t\t\t\t\t<div id=\"elementor-tab-title-1595\" class=\"elementor-tab-title\" data-tab=\"5\" role=\"button\" aria-controls=\"elementor-tab-content-1595\" aria-expanded=\"false\">\n\t\t\t\t\t\t\t\t\t\t\t\t<span class=\"elementor-toggle-icon elementor-toggle-icon-right\" aria-hidden=\"true\">\n\t\t\t\t\t\t\t\t\t\t\t\t\t\t\t<span class=\"elementor-toggle-icon-closed\"><i class=\"las la-plus\"><\/i><\/span>\n\t\t\t\t\t\t\t\t<span class=\"elementor-toggle-icon-opened\"><i class=\"elementor-toggle-icon-opened  las la-minus\"><\/i><\/span>\n\t\t\t\t\t\t\t\t\t\t\t\t\t<\/span>\n\t\t\t\t\t\t\t\t\t\t\t\t<a class=\"elementor-toggle-title\" tabindex=\"0\">Wer kann mein Konto einsehen?<\/a>\n\t\t\t\t\t<\/div>\n\n\t\t\t\t\t<div id=\"elementor-tab-content-1595\" class=\"elementor-tab-content elementor-clearfix\" data-tab=\"5\" role=\"region\" aria-labelledby=\"elementor-tab-title-1595\"><p>Wir legen gro\u00dfen Wert auf Datenschutz. Wir werden keine Ihrer personenbezogenen Daten an Dritte weitergeben. Folglich k\u00f6nnen nur Sie Ihre \u00fcbermittelten personenbezogenen Daten einsehen. Sie verpflichten sich, Ihr Passwort geheim zu halten, um einen unbefugten Zugriff durch Dritte zu vermeiden. Wenn Sie Ihr Passwort und Ihren Benutzernamen nicht vertraulich behandeln, kann ein Dritter Ihre pers\u00f6nlichen Daten leicht \u00e4ndern, kopieren oder l\u00f6schen. Wenn Sie glauben, dass Ihr Passwort kompromittiert wurde, empfehlen wir Ihnen, Ihr Passwort umgehend zu \u00e4ndern und uns zu informieren. Ihr Konto ist nicht \u00fcbertragbar. Wir sind berechtigt, Ihr Konto zu sperren, wenn der Verdacht auf Missbrauch eines Kontos oder eines Passworts besteht.<\/p><\/div>\n\t\t\t\t<\/div>\n\t\t\t\t\t\t\t<div class=\"elementor-toggle-item\">\n\t\t\t\t\t<div id=\"elementor-tab-title-1596\" class=\"elementor-tab-title\" data-tab=\"6\" role=\"button\" aria-controls=\"elementor-tab-content-1596\" aria-expanded=\"false\">\n\t\t\t\t\t\t\t\t\t\t\t\t<span class=\"elementor-toggle-icon elementor-toggle-icon-right\" aria-hidden=\"true\">\n\t\t\t\t\t\t\t\t\t\t\t\t\t\t\t<span class=\"elementor-toggle-icon-closed\"><i class=\"las la-plus\"><\/i><\/span>\n\t\t\t\t\t\t\t\t<span class=\"elementor-toggle-icon-opened\"><i class=\"elementor-toggle-icon-opened  las la-minus\"><\/i><\/span>\n\t\t\t\t\t\t\t\t\t\t\t\t\t<\/span>\n\t\t\t\t\t\t\t\t\t\t\t\t<a class=\"elementor-toggle-title\" tabindex=\"0\">So listen Sie Ihre Immobilie auf Zanzibar.App<\/a>\n\t\t\t\t\t<\/div>\n\n\t\t\t\t\t<div id=\"elementor-tab-content-1596\" class=\"elementor-tab-content elementor-clearfix\" data-tab=\"6\" role=\"region\" aria-labelledby=\"elementor-tab-title-1596\"><p><b>Pakete:<\/b><\/p><p>\u00a0<\/p><p><strong>Frei:<\/strong> Der kostenlose Eintrag enth\u00e4lt keine Kontaktinformationen.<\/p><p>\u00a0<\/p><p><strong>Standard:<\/strong> Im Standardeintrag wird die Telefonnummer angezeigt.<\/p><p>\u00a0<\/p><p><strong>Pr\u00e4mie:<\/strong> Der Premium-Eintrag umfasst Telefonnummer, E-Mail-Adresse und einen Link zu Ihrer Website. So gelangen Besucher direkt auf Ihre Seite. Sie k\u00f6nnen auch ein auf YouTube hochgeladenes Video verlinken. Au\u00dferdem k\u00f6nnen Sie pro Buchung zwei Hotels auflisten.<\/p><p>\u00a0<\/p><p>Die Anzahl der Impressionen ist nicht begrenzt \u2013 Ihr Hotel bleibt w\u00e4hrend der gesamten Laufzeit des Jahreseintrags rund um die Uhr sichtbar.<\/p><\/div>\n\t\t\t\t<\/div>\n\t\t\t\t\t\t\t\t<\/div>\n\t\t\t\t\t\t<\/div>\n\t\t\t\t<\/div>\n\t\t\t\t\t<\/div>\n\t\t<\/div>\n\t\t\t\t\t<\/div>\n\t\t<\/section>\n\t\t\t\t<\/div>","protected":false},"excerpt":{"rendered":"<p>FAQ&#8217;s Read the Zanzibar App FAQ&#8217;s to see the answers to popular questions. Frequently Asked Questions How do I register? Please choose the menu item &#8220;Login&#8221; on the home page in order to get to the registration form. Then you&#8217;ll have to fill in the form. As soon as you have completed the form you [&hellip;]<\/p>\n","protected":false},"author":1,"featured_media":0,"parent":0,"menu_order":0,"comment_status":"closed","ping_status":"closed","template":"","meta":{"footnotes":""},"class_list":["post-2622","page","type-page","status-publish","hentry"],"yoast_head":"<!-- This site is optimized with the Yoast SEO plugin v27.2 - https:\/\/yoast.com\/product\/yoast-seo-wordpress\/ -->\n<title>FAQ&#039;s - Zanzibar App: Zanzibar Tourism Travel Guide<\/title>\n<meta name=\"robots\" content=\"index, follow, max-snippet:-1, max-image-preview:large, max-video-preview:-1\" \/>\n<link rel=\"canonical\" href=\"https:\/\/zanzibar.app\/de-de\/faqs\/\" \/>\n<meta property=\"og:locale\" content=\"de_DE\" \/>\n<meta property=\"og:type\" content=\"article\" \/>\n<meta property=\"og:title\" content=\"FAQ&#039;s - Zanzibar App: Zanzibar Tourism Travel Guide\" \/>\n<meta property=\"og:description\" content=\"FAQ&#8217;s Read the Zanzibar App FAQ&#8217;s to see the answers to popular questions. Frequently Asked Questions How do I register? Please choose the menu item &#8220;Login&#8221; on the home page in order to get to the registration form. Then you&#8217;ll have to fill in the form. As soon as you have completed the form you [&hellip;]\" \/>\n<meta property=\"og:url\" content=\"https:\/\/zanzibar.app\/de-de\/faqs\/\" \/>\n<meta property=\"og:site_name\" content=\"Zanzibar App: Zanzibar Tourism Travel Guide\" \/>\n<meta property=\"article:modified_time\" content=\"2026-01-27T10:59:51+00:00\" \/>\n<meta name=\"twitter:card\" content=\"summary_large_image\" \/>\n<meta name=\"twitter:label1\" content=\"Gesch\u00e4tzte Lesezeit\" \/>\n\t<meta name=\"twitter:data1\" content=\"2\u00a0Minuten\" \/>\n<script type=\"application\/ld+json\" class=\"yoast-schema-graph\">{\"@context\":\"https:\/\/schema.org\",\"@graph\":[{\"@type\":\"WebPage\",\"@id\":\"https:\/\/zanzibar.app\/faqs\/\",\"url\":\"https:\/\/zanzibar.app\/faqs\/\",\"name\":\"FAQ's - Zanzibar App: Zanzibar Tourism Travel Guide\",\"isPartOf\":{\"@id\":\"https:\/\/zanzibar.app\/#website\"},\"datePublished\":\"2019-11-24T09:55:24+00:00\",\"dateModified\":\"2026-01-27T10:59:51+00:00\",\"breadcrumb\":{\"@id\":\"https:\/\/zanzibar.app\/faqs\/#breadcrumb\"},\"inLanguage\":\"de\",\"potentialAction\":[{\"@type\":\"ReadAction\",\"target\":[\"https:\/\/zanzibar.app\/faqs\/\"]}]},{\"@type\":\"BreadcrumbList\",\"@id\":\"https:\/\/zanzibar.app\/faqs\/#breadcrumb\",\"itemListElement\":[{\"@type\":\"ListItem\",\"position\":1,\"name\":\"Startseite\",\"item\":\"https:\/\/zanzibar.app\/\"},{\"@type\":\"ListItem\",\"position\":2,\"name\":\"FAQ&#8217;s\"}]},{\"@type\":\"WebSite\",\"@id\":\"https:\/\/zanzibar.app\/#website\",\"url\":\"https:\/\/zanzibar.app\/\",\"name\":\"Zanzibar App: Zanzibar Tourism Travel Guide\",\"description\":\"\",\"potentialAction\":[{\"@type\":\"SearchAction\",\"target\":{\"@type\":\"EntryPoint\",\"urlTemplate\":\"https:\/\/zanzibar.app\/?s={search_term_string}\"},\"query-input\":{\"@type\":\"PropertyValueSpecification\",\"valueRequired\":true,\"valueName\":\"search_term_string\"}}],\"inLanguage\":\"de\"}]}<\/script>\n<!-- \/ Yoast SEO plugin. -->","yoast_head_json":{"title":"H\u00e4ufig gestellte Fragen \u2013 Sansibar-App: Reisef\u00fchrer f\u00fcr Sansibar","robots":{"index":"index","follow":"follow","max-snippet":"max-snippet:-1","max-image-preview":"max-image-preview:large","max-video-preview":"max-video-preview:-1"},"canonical":"https:\/\/zanzibar.app\/de-de\/faqs\/","og_locale":"de_DE","og_type":"article","og_title":"FAQ's - Zanzibar App: Zanzibar Tourism Travel Guide","og_description":"FAQ&#8217;s Read the Zanzibar App FAQ&#8217;s to see the answers to popular questions. Frequently Asked Questions How do I register? Please choose the menu item &#8220;Login&#8221; on the home page in order to get to the registration form. Then you&#8217;ll have to fill in the form. As soon as you have completed the form you [&hellip;]","og_url":"https:\/\/zanzibar.app\/de-de\/faqs\/","og_site_name":"Zanzibar App: Zanzibar Tourism Travel Guide","article_modified_time":"2026-01-27T10:59:51+00:00","twitter_card":"summary_large_image","twitter_misc":{"Gesch\u00e4tzte Lesezeit":"2\u00a0Minuten"},"schema":{"@context":"https:\/\/schema.org","@graph":[{"@type":"WebPage","@id":"https:\/\/zanzibar.app\/faqs\/","url":"https:\/\/zanzibar.app\/faqs\/","name":"H\u00e4ufig gestellte Fragen \u2013 Sansibar-App: Reisef\u00fchrer f\u00fcr Sansibar","isPartOf":{"@id":"https:\/\/zanzibar.app\/#website"},"datePublished":"2019-11-24T09:55:24+00:00","dateModified":"2026-01-27T10:59:51+00:00","breadcrumb":{"@id":"https:\/\/zanzibar.app\/faqs\/#breadcrumb"},"inLanguage":"de","potentialAction":[{"@type":"ReadAction","target":["https:\/\/zanzibar.app\/faqs\/"]}]},{"@type":"BreadcrumbList","@id":"https:\/\/zanzibar.app\/faqs\/#breadcrumb","itemListElement":[{"@type":"ListItem","position":1,"name":"Startseite","item":"https:\/\/zanzibar.app\/"},{"@type":"ListItem","position":2,"name":"FAQ&#8217;s"}]},{"@type":"WebSite","@id":"https:\/\/zanzibar.app\/#website","url":"https:\/\/zanzibar.app\/","name":"Sansibar App: Sansibar Tourismus Reisef\u00fchrer","description":"","potentialAction":[{"@type":"SearchAction","target":{"@type":"EntryPoint","urlTemplate":"https:\/\/zanzibar.app\/?s={search_term_string}"},"query-input":{"@type":"PropertyValueSpecification","valueRequired":true,"valueName":"search_term_string"}}],"inLanguage":"de"}]}},"_links":{"self":[{"href":"https:\/\/zanzibar.app\/de-de\/wp-json\/wp\/v2\/pages\/2622","targetHints":{"allow":["GET"]}}],"collection":[{"href":"https:\/\/zanzibar.app\/de-de\/wp-json\/wp\/v2\/pages"}],"about":[{"href":"https:\/\/zanzibar.app\/de-de\/wp-json\/wp\/v2\/types\/page"}],"author":[{"embeddable":true,"href":"https:\/\/zanzibar.app\/de-de\/wp-json\/wp\/v2\/users\/1"}],"replies":[{"embeddable":true,"href":"https:\/\/zanzibar.app\/de-de\/wp-json\/wp\/v2\/comments?post=2622"}],"version-history":[{"count":10,"href":"https:\/\/zanzibar.app\/de-de\/wp-json\/wp\/v2\/pages\/2622\/revisions"}],"predecessor-version":[{"id":6528,"href":"https:\/\/zanzibar.app\/de-de\/wp-json\/wp\/v2\/pages\/2622\/revisions\/6528"}],"wp:attachment":[{"href":"https:\/\/zanzibar.app\/de-de\/wp-json\/wp\/v2\/media?parent=2622"}],"curies":[{"name":"wp","href":"https:\/\/api.w.org\/{rel}","templated":true}]}}