{"id":3926,"date":"2019-09-02T10:02:29","date_gmt":"2019-09-02T08:02:29","guid":{"rendered":"https:\/\/wp-test.getgolo.com\/?page_id=3"},"modified":"2025-03-20T12:22:54","modified_gmt":"2025-03-20T11:22:54","slug":"privacy-policy","status":"publish","type":"page","link":"https:\/\/zanzibar.app\/es-es\/privacy-policy\/","title":{"rendered":"pol\u00edtica de privacidad"},"content":{"rendered":"<div data-elementor-type=\"wp-page\" data-elementor-id=\"3926\" class=\"elementor elementor-3926\">\n\t\t\t\t\t\t<section class=\"elementor-section elementor-top-section elementor-element elementor-element-4ec4d738 elementor-section-boxed elementor-section-gap-beside-yes elementor-section-height-default elementor-section-height-default elementor-section-column-vertical-align-stretch\" data-id=\"4ec4d738\" data-element_type=\"section\" data-e-type=\"section\">\n\t\t\t\t\t\t<div class=\"elementor-container elementor-column-gap-extended\">\n\t\t\t\t\t<div class=\"elementor-column elementor-col-100 elementor-top-column elementor-element elementor-element-74fb24b0\" data-id=\"74fb24b0\" data-element_type=\"column\" data-e-type=\"column\">\n\t\t\t<div class=\"elementor-widget-wrap elementor-element-populated\">\n\t\t\t\t\t\t<div class=\"elementor-element elementor-element-2a95b0f8 elementor-widget elementor-widget-text-editor\" data-id=\"2a95b0f8\" data-element_type=\"widget\" data-e-type=\"widget\" data-widget_type=\"text-editor.default\">\n\t\t\t\t<div class=\"elementor-widget-container\">\n\t\t\t\t\t\t\t\t\t<h2>Pol\u00edtica de privacidad de Zanzibar.app<\/h2><p>Fecha de entrada en vigor: 20.03.2025<\/p><p>\u00a0<\/p><h3>1. Introducci\u00f3n<\/h3><p>Bienvenido a Zanzibar.app, una app dise\u00f1ada para ayudarte a descubrir y planificar tus experiencias de viaje. Tu privacidad es fundamental para nosotros y nos comprometemos a proteger tus datos personales. Esta Pol\u00edtica de Privacidad explica c\u00f3mo recopilamos, usamos, divulgamos y protegemos tu informaci\u00f3n cuando usas nuestra app, y describe tus derechos en relaci\u00f3n con tus datos personales.<\/p><p>Lea atentamente esta Pol\u00edtica de Privacidad para comprender c\u00f3mo se gestionan sus datos al usar nuestra aplicaci\u00f3n y los servicios relacionados. Si tiene alguna pregunta o inquietud sobre esta pol\u00edtica, no dude en contactarnos.<\/p><p>\u00a0<\/p><h3>2. Alcance de esta Pol\u00edtica<\/h3><p>Esta Pol\u00edtica de Privacidad se aplica a la aplicaci\u00f3n m\u00f3vil Zanzibar. y a todos los servicios o funciones relacionados que ofrecemos. Tambi\u00e9n abarca los servicios de terceros integrados en la aplicaci\u00f3n, como pasarelas de pago, herramientas de an\u00e1lisis (incluido Google Analytics) y otros. Sin embargo, esta pol\u00edtica no se aplica a las aplicaciones, sitios web ni servicios de terceros que puedan estar vinculados a nuestra aplicaci\u00f3n, ya que estos tienen sus propias pol\u00edticas de privacidad.<\/p><p>\u00a0<\/p><h3>3. Datos que recopilamos<\/h3><p>Recopilamos los siguientes tipos de datos cuando utiliza nuestra aplicaci\u00f3n:<\/p><p><br \/>\u2022 Informaci\u00f3n personal: cuando crea una cuenta, podemos recopilar datos personales como su nombre y direcci\u00f3n de correo electr\u00f3nico.<\/p><p><br \/>\u2022 Datos de ubicaci\u00f3n aproximada: Podemos recopilar datos de su ubicaci\u00f3n aproximada para ofrecerle recomendaciones personalizadas e informaci\u00f3n de viaje relevante seg\u00fan su ubicaci\u00f3n. Puede configurar esta funci\u00f3n en la configuraci\u00f3n de su dispositivo.<\/p><p><br \/>Informaci\u00f3n y datos de rendimiento de la aplicaci\u00f3n: Recopilamos registros de fallos, diagn\u00f3sticos y datos de rendimiento de la aplicaci\u00f3n para supervisar y mejorar su estabilidad y funcionalidad. Esto nos ayuda a identificar y resolver errores y problemas de rendimiento r\u00e1pidamente.<\/p><p><br \/>\u2022 Actividad de la app: Los datos de actividad de la app se recopilan para analizar c\u00f3mo interact\u00faan los usuarios con ella. Esto incluye el seguimiento de las funciones utilizadas, el comportamiento de navegaci\u00f3n y otras actividades dentro de la app para ayudarnos a mejorar su usabilidad y funcionalidad.<\/p><p><br \/>Identificadores del dispositivo u otros: Recopilamos identificadores del dispositivo (como el ID del dispositivo u otros identificadores \u00fanicos) para rastrear el uso de la aplicaci\u00f3n, gestionar el rendimiento y proporcionar contenido o notificaciones relevantes. Esto nos ayuda a mejorar su experiencia personalizando las funciones de la aplicaci\u00f3n seg\u00fan el dispositivo.<\/p><p>\u00a0<\/p><h4>4. \u00bfPor qu\u00e9 recopilamos datos?<\/h4><p>Recopilamos sus datos para los siguientes fines:<\/p><p>Proporcionar recomendaciones de viaje personalizadas, como gu\u00edas de viaje basadas en la ubicaci\u00f3n.<br \/>Para mejorar la funcionalidad y el rendimiento de la aplicaci\u00f3n.<br \/>Para procesar su cuenta y administrar sus preferencias.<br \/>Para cumplir con obligaciones legales.<br \/>Para mejorar la experiencia del usuario y brindar soporte al cliente.<\/p><p><br \/>Solo recopilamos los datos necesarios para operar la aplicaci\u00f3n de manera eficaz y brindarle la mejor experiencia posible.<\/p><p>\u00a0<\/p><h3>5. C\u00f3mo usamos sus datos<\/h3><p>Sus datos se utilizan de las siguientes maneras:<\/p><p>Personalizaci\u00f3n: utilizamos datos aproximados de ubicaci\u00f3n y actividad de la aplicaci\u00f3n para ofrecer experiencias de viaje y recomendaciones personalizadas.<br \/>Mejoras de la aplicaci\u00f3n: analizamos el rendimiento de la aplicaci\u00f3n y el comportamiento del usuario para perfeccionar nuestras funciones.<br \/>Comunicaci\u00f3n: Podemos enviarle notificaciones sobre actualizaciones, promociones o informaci\u00f3n importante sobre la aplicaci\u00f3n.<br \/>An\u00e1lisis: Podemos utilizar datos para realizar an\u00e1lisis y medir el rendimiento de la aplicaci\u00f3n. Esto incluye el uso de servicios de an\u00e1lisis de terceros, como Google Analytics, para comprender c\u00f3mo interact\u00faan los usuarios con la aplicaci\u00f3n y mejorar su funcionalidad.<\/p><h3>\u00a0<\/h3><h3>6. Google Analytics<\/h3><p>Utilizamos Google Analytics, un servicio de Google, para rastrear y analizar c\u00f3mo interact\u00faan los usuarios con nuestra aplicaci\u00f3n. Google Analytics recopila informaci\u00f3n como las p\u00e1ginas que visitas, el dispositivo que usas y otras actividades dentro de la aplicaci\u00f3n. Estos datos nos ayudan a mejorar el rendimiento y la funcionalidad de la aplicaci\u00f3n.<\/p><p>Google Analytics recopila datos mediante cookies, identificadores de dispositivos y otras tecnolog\u00edas de seguimiento. Para obtener m\u00e1s informaci\u00f3n sobre c\u00f3mo Google Analytics recopila y procesa los datos, consulte la Pol\u00edtica de Privacidad de Google.<\/p><p>Puede inhabilitar Google Analytics mediante el complemento de inhabilitaci\u00f3n para navegadores de Google Analytics.<\/p><p>\u00a0<\/p><h3>7. Intercambio y divulgaci\u00f3n de datos<\/h3><p>Podemos compartir sus datos en las siguientes circunstancias:<\/p><p>Con proveedores de servicios: compartimos datos con proveedores externos, como plataformas de an\u00e1lisis o procesadores de pagos, para ayudarnos a ofrecer funciones y servicios de la aplicaci\u00f3n.<br \/>Con autoridades legales: Podemos divulgar sus datos si lo requiere la ley o para proteger nuestros derechos, nuestra seguridad o los derechos de otros.<br \/>Datos agregados, no identificables: Podemos compartir datos agregados o an\u00f3nimos que no lo identifiquen para fines de investigaci\u00f3n o an\u00e1lisis.<br \/>No compartiremos ni venderemos sus datos personales a terceros para sus fines de marketing.<\/p><p>\u00a0<\/p><h3>8. Retenci\u00f3n de datos<\/h3><p>Conservaremos sus datos personales \u00fanicamente el tiempo necesario para cumplir con los fines descritos en esta pol\u00edtica. Si decide eliminar su cuenta, eliminaremos su informaci\u00f3n personal en un plazo razonable, salvo que la conservaci\u00f3n sea necesaria por motivos legales o reglamentarios.<\/p><p>\u00a0<\/p><h3>9. Seguridad de los datos<\/h3><p>Nos tomamos muy en serio la seguridad de sus datos. Empleamos diversas medidas t\u00e9cnicas y organizativas para proteger su informaci\u00f3n, entre ellas:<\/p><p>Cifrado: utilizamos cifrado para proteger los datos confidenciales transmitidos a trav\u00e9s de Internet.<br \/>Controles de acceso: Limitamos el acceso a sus datos \u00fanicamente al personal autorizado.<br \/>Auditor\u00edas de seguridad peri\u00f3dicas: Realizamos controles rutinarios para garantizar que nuestras medidas de seguridad sigan siendo efectivas.<br \/>Si bien tomamos medidas razonables para proteger sus datos, ning\u00fan sistema de seguridad es completamente invulnerable y no podemos garantizar una seguridad absoluta.<\/p><p>\u00a0<\/p><h3>10. Sus derechos y opciones (cumplimiento del RGPD)<\/h3><p>De conformidad con el Reglamento General de Protecci\u00f3n de Datos (RGPD), si usted se encuentra en la Uni\u00f3n Europea o en el Espacio Econ\u00f3mico Europeo, tiene los siguientes derechos con respecto a sus datos personales:<\/p><p>Acceso: Puede solicitar una copia de los datos que tenemos sobre usted.<br \/>Correcci\u00f3n: Puedes actualizar o corregir tu informaci\u00f3n personal.<br \/>Eliminaci\u00f3n: Puede solicitar que eliminemos sus datos personales, sujeto a ciertas excepciones legales.<br \/>Portabilidad: Podr\u00e1s solicitar recibir tus datos en un formato estructurado, de uso com\u00fan y lectura mec\u00e1nica.<br \/>Retirada del consentimiento: puede retirar el consentimiento para la recopilaci\u00f3n de datos en cualquier momento ajustando la configuraci\u00f3n de su aplicaci\u00f3n o comunic\u00e1ndose con nosotros.<br \/>Para ejercer cualquiera de sus derechos bajo el RGPD, cont\u00e1ctenos utilizando la informaci\u00f3n proporcionada a continuaci\u00f3n.<\/p><p>\u00a0<\/p><h3>11. Cookies y seguimiento<\/h3><p>Podemos usar cookies o tecnolog\u00edas de seguimiento similares para recopilar datos sobre el uso de la aplicaci\u00f3n. Estas herramientas nos ayudan a mejorar tu experiencia recordando preferencias o analizando tendencias. Puedes administrar o desactivar las cookies en la configuraci\u00f3n de tu dispositivo.<\/p><p>\u00a0<\/p><h3>12. Transferencias internacionales de datos<\/h3><p>Sus datos podr\u00edan transferirse y procesarse en pa\u00edses fuera de su jurisdicci\u00f3n, incluidos pa\u00edses que podr\u00edan no tener las mismas leyes de protecci\u00f3n de datos que la suya. Tomamos las medidas necesarias para proteger sus datos durante las transferencias internacionales, como el uso de cl\u00e1usulas contractuales u otras salvaguardias.<\/p><p>\u00a0<\/p><h3>13. Requisitos de edad<\/h3><p>Nuestra aplicaci\u00f3n no est\u00e1 dirigida a menores de 18 a\u00f1os y no recopilamos deliberadamente datos personales de menores. Si detectamos que hemos recopilado inadvertidamente datos de un menor, tomaremos medidas para eliminarlos.<\/p><p>\u00a0<\/p><h3>14. Cambios a esta Pol\u00edtica<\/h3><p>Podemos actualizar esta Pol\u00edtica de Privacidad ocasionalmente para reflejar cambios en nuestras pr\u00e1cticas o requisitos legales. Le notificaremos sobre cambios significativos a trav\u00e9s de la aplicaci\u00f3n o por correo electr\u00f3nico. Consulte esta p\u00e1gina peri\u00f3dicamente para ver las actualizaciones.<\/p><p>\u00a0<\/p><h3>15. Cont\u00e1ctenos<\/h3><p>Si tiene alguna pregunta o inquietud sobre esta Pol\u00edtica de privacidad o nuestras pr\u00e1cticas de datos, cont\u00e1ctenos a:<\/p><p>Correo electr\u00f3nico: support@zanzibar.app<\/p><p>\u00a0<\/p><p>Al utilizar nuestra aplicaci\u00f3n, usted acepta la recopilaci\u00f3n y el uso de informaci\u00f3n de acuerdo con esta Pol\u00edtica de privacidad.<\/p>\t\t\t\t\t\t\t\t<\/div>\n\t\t\t\t<\/div>\n\t\t\t\t\t<\/div>\n\t\t<\/div>\n\t\t\t\t\t<\/div>\n\t\t<\/section>\n\t\t\t\t<\/div>","protected":false},"excerpt":{"rendered":"<p>Privacy Policy for Zanzibar.app Effective Date: 20.03.2025 \u00a0 1. Introduction Welcome to Zanzibar.app, an app designed to help you discover and plan your travel experiences. Your privacy is extremely important to us, and we are committed to protecting your personal data. This Privacy Policy explains how we collect, use, disclose, and safeguard your information when [&hellip;]<\/p>\n","protected":false},"author":1,"featured_media":0,"parent":0,"menu_order":0,"comment_status":"closed","ping_status":"closed","template":"","meta":{"footnotes":""},"class_list":["post-3926","page","type-page","status-publish","hentry"],"yoast_head":"<!-- This site is optimized with the Yoast SEO plugin v27.2 - https:\/\/yoast.com\/product\/yoast-seo-wordpress\/ -->\n<title>Privacy Policy - Zanzibar App: Zanzibar Tourism Travel Guide<\/title>\n<meta name=\"robots\" content=\"index, follow, max-snippet:-1, max-image-preview:large, max-video-preview:-1\" \/>\n<link rel=\"canonical\" href=\"https:\/\/zanzibar.app\/es-es\/privacy-policy\/\" \/>\n<meta property=\"og:locale\" content=\"es_ES\" \/>\n<meta property=\"og:type\" content=\"article\" \/>\n<meta property=\"og:title\" content=\"Privacy Policy - Zanzibar App: Zanzibar Tourism Travel Guide\" \/>\n<meta property=\"og:description\" content=\"Privacy Policy for Zanzibar.app Effective Date: 20.03.2025 \u00a0 1. Introduction Welcome to Zanzibar.app, an app designed to help you discover and plan your travel experiences. Your privacy is extremely important to us, and we are committed to protecting your personal data. This Privacy Policy explains how we collect, use, disclose, and safeguard your information when [&hellip;]\" \/>\n<meta property=\"og:url\" content=\"https:\/\/zanzibar.app\/es-es\/privacy-policy\/\" \/>\n<meta property=\"og:site_name\" content=\"Zanzibar App: Zanzibar Tourism Travel Guide\" \/>\n<meta property=\"article:modified_time\" content=\"2025-03-20T11:22:54+00:00\" \/>\n<meta name=\"twitter:card\" content=\"summary_large_image\" \/>\n<meta name=\"twitter:label1\" content=\"Tiempo de lectura\" \/>\n\t<meta name=\"twitter:data1\" content=\"6 minutos\" \/>\n<script type=\"application\/ld+json\" class=\"yoast-schema-graph\">{\"@context\":\"https:\/\/schema.org\",\"@graph\":[{\"@type\":\"WebPage\",\"@id\":\"https:\/\/zanzibar.app\/privacy-policy\/\",\"url\":\"https:\/\/zanzibar.app\/privacy-policy\/\",\"name\":\"Privacy Policy - Zanzibar App: Zanzibar Tourism Travel Guide\",\"isPartOf\":{\"@id\":\"https:\/\/zanzibar.app\/#website\"},\"datePublished\":\"2019-09-02T08:02:29+00:00\",\"dateModified\":\"2025-03-20T11:22:54+00:00\",\"breadcrumb\":{\"@id\":\"https:\/\/zanzibar.app\/privacy-policy\/#breadcrumb\"},\"inLanguage\":\"es\",\"potentialAction\":[{\"@type\":\"ReadAction\",\"target\":[\"https:\/\/zanzibar.app\/privacy-policy\/\"]}]},{\"@type\":\"BreadcrumbList\",\"@id\":\"https:\/\/zanzibar.app\/privacy-policy\/#breadcrumb\",\"itemListElement\":[{\"@type\":\"ListItem\",\"position\":1,\"name\":\"Startseite\",\"item\":\"https:\/\/zanzibar.app\/\"},{\"@type\":\"ListItem\",\"position\":2,\"name\":\"Privacy Policy\"}]},{\"@type\":\"WebSite\",\"@id\":\"https:\/\/zanzibar.app\/#website\",\"url\":\"https:\/\/zanzibar.app\/\",\"name\":\"Zanzibar App: Zanzibar Tourism Travel Guide\",\"description\":\"\",\"potentialAction\":[{\"@type\":\"SearchAction\",\"target\":{\"@type\":\"EntryPoint\",\"urlTemplate\":\"https:\/\/zanzibar.app\/?s={search_term_string}\"},\"query-input\":{\"@type\":\"PropertyValueSpecification\",\"valueRequired\":true,\"valueName\":\"search_term_string\"}}],\"inLanguage\":\"es\"}]}<\/script>\n<!-- \/ Yoast SEO plugin. -->","yoast_head_json":{"title":"Pol\u00edtica de privacidad - Aplicaci\u00f3n de Zanz\u00edbar: Gu\u00eda tur\u00edstica de Zanz\u00edbar","robots":{"index":"index","follow":"follow","max-snippet":"max-snippet:-1","max-image-preview":"max-image-preview:large","max-video-preview":"max-video-preview:-1"},"canonical":"https:\/\/zanzibar.app\/es-es\/privacy-policy\/","og_locale":"es_ES","og_type":"article","og_title":"Privacy Policy - Zanzibar App: Zanzibar Tourism Travel Guide","og_description":"Privacy Policy for Zanzibar.app Effective Date: 20.03.2025 \u00a0 1. Introduction Welcome to Zanzibar.app, an app designed to help you discover and plan your travel experiences. Your privacy is extremely important to us, and we are committed to protecting your personal data. This Privacy Policy explains how we collect, use, disclose, and safeguard your information when [&hellip;]","og_url":"https:\/\/zanzibar.app\/es-es\/privacy-policy\/","og_site_name":"Zanzibar App: Zanzibar Tourism Travel Guide","article_modified_time":"2025-03-20T11:22:54+00:00","twitter_card":"summary_large_image","twitter_misc":{"Tiempo de lectura":"6 minutos"},"schema":{"@context":"https:\/\/schema.org","@graph":[{"@type":"WebPage","@id":"https:\/\/zanzibar.app\/privacy-policy\/","url":"https:\/\/zanzibar.app\/privacy-policy\/","name":"Pol\u00edtica de privacidad - Aplicaci\u00f3n de Zanz\u00edbar: Gu\u00eda tur\u00edstica de Zanz\u00edbar","isPartOf":{"@id":"https:\/\/zanzibar.app\/#website"},"datePublished":"2019-09-02T08:02:29+00:00","dateModified":"2025-03-20T11:22:54+00:00","breadcrumb":{"@id":"https:\/\/zanzibar.app\/privacy-policy\/#breadcrumb"},"inLanguage":"es","potentialAction":[{"@type":"ReadAction","target":["https:\/\/zanzibar.app\/privacy-policy\/"]}]},{"@type":"BreadcrumbList","@id":"https:\/\/zanzibar.app\/privacy-policy\/#breadcrumb","itemListElement":[{"@type":"ListItem","position":1,"name":"Startseite","item":"https:\/\/zanzibar.app\/"},{"@type":"ListItem","position":2,"name":"Privacy Policy"}]},{"@type":"WebSite","@id":"https:\/\/zanzibar.app\/#website","url":"https:\/\/zanzibar.app\/","name":"Aplicaci\u00f3n de Zanz\u00edbar: gu\u00eda tur\u00edstica de viajes de Zanz\u00edbar","description":"","potentialAction":[{"@type":"SearchAction","target":{"@type":"EntryPoint","urlTemplate":"https:\/\/zanzibar.app\/?s={search_term_string}"},"query-input":{"@type":"PropertyValueSpecification","valueRequired":true,"valueName":"search_term_string"}}],"inLanguage":"es"}]}},"_links":{"self":[{"href":"https:\/\/zanzibar.app\/es-es\/wp-json\/wp\/v2\/pages\/3926","targetHints":{"allow":["GET"]}}],"collection":[{"href":"https:\/\/zanzibar.app\/es-es\/wp-json\/wp\/v2\/pages"}],"about":[{"href":"https:\/\/zanzibar.app\/es-es\/wp-json\/wp\/v2\/types\/page"}],"author":[{"embeddable":true,"href":"https:\/\/zanzibar.app\/es-es\/wp-json\/wp\/v2\/users\/1"}],"replies":[{"embeddable":true,"href":"https:\/\/zanzibar.app\/es-es\/wp-json\/wp\/v2\/comments?post=3926"}],"version-history":[{"count":10,"href":"https:\/\/zanzibar.app\/es-es\/wp-json\/wp\/v2\/pages\/3926\/revisions"}],"predecessor-version":[{"id":6241,"href":"https:\/\/zanzibar.app\/es-es\/wp-json\/wp\/v2\/pages\/3926\/revisions\/6241"}],"wp:attachment":[{"href":"https:\/\/zanzibar.app\/es-es\/wp-json\/wp\/v2\/media?parent=3926"}],"curies":[{"name":"gracias","href":"https:\/\/api.w.org\/{rel}","templated":true}]}}