{"id":4809,"date":"2023-03-21T08:56:45","date_gmt":"2023-03-21T07:56:45","guid":{"rendered":"https:\/\/zanzibar.app\/bookings-2\/"},"modified":"2023-03-21T08:56:45","modified_gmt":"2023-03-21T07:56:45","slug":"bookings-2","status":"publish","type":"page","link":"https:\/\/zanzibar.app\/es-es\/bookings-2\/","title":{"rendered":"Reservas"},"content":{"rendered":"<div class=\"access-denied not-login\">\r\n    <div class=\"container\">\r\n        <div class=\"golo-my-page\">\r\n            <div class=\"entry-my-page\">\r\n                                            <div class=\"account logged-out golo-message alert-success\">\r\n                                <div class=\"icon-message\">\r\n                                    <i class=\"la la-thumbs-up large\"><\/i>\r\n                                <\/div>\r\n\r\n                                <div class=\"entry-message\">\r\n                                    <span>Necesita iniciar sesi\u00f3n para continuar.<\/span>\r\n                                    <a href=\"#popup-form\" class=\"btn-login\">Iniciar sesi\u00f3n aqu\u00ed<\/a>\r\n                                                                                 \r\n                                                <span>o<\/span>\r\n                                                <a href=\"#popup-form\" class=\"btn-register\">Reg\u00edstrate ahora<\/a>\r\n                                                                            <\/div>\r\n                            <\/div>\r\n                                        \r\n            <\/div>\r\n        <\/div>\r\n    <\/div>\r\n<\/div>","protected":false},"excerpt":{"rendered":"","protected":false},"author":1,"featured_media":0,"parent":0,"menu_order":0,"comment_status":"closed","ping_status":"closed","template":"","meta":{"footnotes":""},"class_list":["post-4809","page","type-page","status-publish","hentry"],"yoast_head":"<!-- This site is optimized with the Yoast SEO plugin v27.4 - https:\/\/yoast.com\/product\/yoast-seo-wordpress\/ -->\n<title>Bookings - Zanzibar App: Zanzibar Tourism Travel Guide<\/title>\n<meta name=\"robots\" content=\"index, follow, max-snippet:-1, max-image-preview:large, max-video-preview:-1\" \/>\n<link rel=\"canonical\" href=\"https:\/\/zanzibar.app\/es-es\/bookings-2\/\" \/>\n<meta property=\"og:locale\" content=\"es_ES\" \/>\n<meta property=\"og:type\" content=\"article\" \/>\n<meta property=\"og:title\" content=\"Bookings - Zanzibar App: Zanzibar Tourism Travel Guide\" \/>\n<meta property=\"og:url\" content=\"https:\/\/zanzibar.app\/es-es\/bookings-2\/\" \/>\n<meta property=\"og:site_name\" content=\"Zanzibar App: Zanzibar Tourism Travel Guide\" \/>\n<meta name=\"twitter:card\" content=\"summary_large_image\" \/>\n<script type=\"application\/ld+json\" class=\"yoast-schema-graph\">{\"@context\":\"https:\\\/\\\/schema.org\",\"@graph\":[{\"@type\":\"WebPage\",\"@id\":\"https:\\\/\\\/zanzibar.app\\\/bookings-2\\\/\",\"url\":\"https:\\\/\\\/zanzibar.app\\\/bookings-2\\\/\",\"name\":\"Bookings - Zanzibar App: Zanzibar Tourism Travel Guide\",\"isPartOf\":{\"@id\":\"https:\\\/\\\/zanzibar.app\\\/#website\"},\"datePublished\":\"2023-03-21T07:56:45+00:00\",\"breadcrumb\":{\"@id\":\"https:\\\/\\\/zanzibar.app\\\/bookings-2\\\/#breadcrumb\"},\"inLanguage\":\"es\",\"potentialAction\":[{\"@type\":\"ReadAction\",\"target\":[\"https:\\\/\\\/zanzibar.app\\\/bookings-2\\\/\"]}]},{\"@type\":\"BreadcrumbList\",\"@id\":\"https:\\\/\\\/zanzibar.app\\\/bookings-2\\\/#breadcrumb\",\"itemListElement\":[{\"@type\":\"ListItem\",\"position\":1,\"name\":\"Startseite\",\"item\":\"https:\\\/\\\/zanzibar.app\\\/\"},{\"@type\":\"ListItem\",\"position\":2,\"name\":\"Bookings\"}]},{\"@type\":\"WebSite\",\"@id\":\"https:\\\/\\\/zanzibar.app\\\/#website\",\"url\":\"https:\\\/\\\/zanzibar.app\\\/\",\"name\":\"Zanzibar App: Zanzibar Tourism Travel Guide\",\"description\":\"\",\"potentialAction\":[{\"@type\":\"SearchAction\",\"target\":{\"@type\":\"EntryPoint\",\"urlTemplate\":\"https:\\\/\\\/zanzibar.app\\\/?s={search_term_string}\"},\"query-input\":{\"@type\":\"PropertyValueSpecification\",\"valueRequired\":true,\"valueName\":\"search_term_string\"}}],\"inLanguage\":\"es\"}]}<\/script>\n<!-- \/ Yoast SEO plugin. -->","yoast_head_json":{"title":"Reservas - App de Zanz\u00edbar: Gu\u00eda de viajes de turismo de Zanz\u00edbar","robots":{"index":"index","follow":"follow","max-snippet":"max-snippet:-1","max-image-preview":"max-image-preview:large","max-video-preview":"max-video-preview:-1"},"canonical":"https:\/\/zanzibar.app\/es-es\/bookings-2\/","og_locale":"es_ES","og_type":"article","og_title":"Bookings - Zanzibar App: Zanzibar Tourism Travel Guide","og_url":"https:\/\/zanzibar.app\/es-es\/bookings-2\/","og_site_name":"Zanzibar App: Zanzibar Tourism Travel Guide","twitter_card":"summary_large_image","schema":{"@context":"https:\/\/schema.org","@graph":[{"@type":"WebPage","@id":"https:\/\/zanzibar.app\/bookings-2\/","url":"https:\/\/zanzibar.app\/bookings-2\/","name":"Reservas - App de Zanz\u00edbar: Gu\u00eda de viajes de turismo de Zanz\u00edbar","isPartOf":{"@id":"https:\/\/zanzibar.app\/#website"},"datePublished":"2023-03-21T07:56:45+00:00","breadcrumb":{"@id":"https:\/\/zanzibar.app\/bookings-2\/#breadcrumb"},"inLanguage":"es","potentialAction":[{"@type":"ReadAction","target":["https:\/\/zanzibar.app\/bookings-2\/"]}]},{"@type":"BreadcrumbList","@id":"https:\/\/zanzibar.app\/bookings-2\/#breadcrumb","itemListElement":[{"@type":"ListItem","position":1,"name":"Startseite","item":"https:\/\/zanzibar.app\/"},{"@type":"ListItem","position":2,"name":"Bookings"}]},{"@type":"WebSite","@id":"https:\/\/zanzibar.app\/#website","url":"https:\/\/zanzibar.app\/","name":"Aplicaci\u00f3n de Zanz\u00edbar: gu\u00eda tur\u00edstica de viajes de Zanz\u00edbar","description":"","potentialAction":[{"@type":"SearchAction","target":{"@type":"EntryPoint","urlTemplate":"https:\/\/zanzibar.app\/?s={search_term_string}"},"query-input":{"@type":"PropertyValueSpecification","valueRequired":true,"valueName":"search_term_string"}}],"inLanguage":"es"}]}},"_links":{"self":[{"href":"https:\/\/zanzibar.app\/es-es\/wp-json\/wp\/v2\/pages\/4809","targetHints":{"allow":["GET"]}}],"collection":[{"href":"https:\/\/zanzibar.app\/es-es\/wp-json\/wp\/v2\/pages"}],"about":[{"href":"https:\/\/zanzibar.app\/es-es\/wp-json\/wp\/v2\/types\/page"}],"author":[{"embeddable":true,"href":"https:\/\/zanzibar.app\/es-es\/wp-json\/wp\/v2\/users\/1"}],"replies":[{"embeddable":true,"href":"https:\/\/zanzibar.app\/es-es\/wp-json\/wp\/v2\/comments?post=4809"}],"version-history":[{"count":0,"href":"https:\/\/zanzibar.app\/es-es\/wp-json\/wp\/v2\/pages\/4809\/revisions"}],"wp:attachment":[{"href":"https:\/\/zanzibar.app\/es-es\/wp-json\/wp\/v2\/media?parent=4809"}],"curies":[{"name":"gracias","href":"https:\/\/api.w.org\/{rel}","templated":true}]}}