{"id":6318,"date":"2025-04-04T11:00:08","date_gmt":"2025-04-04T09:00:08","guid":{"rendered":"https:\/\/zanzibar.app\/?page_id=6318"},"modified":"2025-04-04T11:06:39","modified_gmt":"2025-04-04T09:06:39","slug":"zanzibar-ride-hailing","status":"publish","type":"page","link":"https:\/\/zanzibar.app\/es-es\/zanzibar-ride-hailing\/","title":{"rendered":"Servicios de transporte en Zanz\u00edbar"},"content":{"rendered":"<div data-elementor-type=\"wp-page\" data-elementor-id=\"6318\" class=\"elementor elementor-6318\">\n\t\t\t\t\t\t<section class=\"elementor-section elementor-top-section elementor-element elementor-element-2cba4d4 elementor-section-boxed elementor-section-gap-beside-yes elementor-section-height-default elementor-section-height-default elementor-section-column-vertical-align-stretch\" data-id=\"2cba4d4\" data-element_type=\"section\" data-e-type=\"section\">\n\t\t\t\t\t\t<div class=\"elementor-container elementor-column-gap-extended\">\n\t\t\t\t\t<div class=\"elementor-column elementor-col-100 elementor-top-column elementor-element elementor-element-8db037e\" data-id=\"8db037e\" data-element_type=\"column\" data-e-type=\"column\">\n\t\t\t<div class=\"elementor-widget-wrap elementor-element-populated\">\n\t\t\t\t\t\t<div class=\"elementor-element elementor-element-6fff1cc elementor-widget elementor-widget-text-editor\" data-id=\"6fff1cc\" data-element_type=\"widget\" data-e-type=\"widget\" data-widget_type=\"text-editor.default\">\n\t\t\t\t<div class=\"elementor-widget-container\">\n\t\t\t\t\t\t\t\t\t<h1>Servicio de transporte con conductor InDrive en Zanz\u00edbar<\/h1><p>\u00a0<\/p>\t\t\t\t\t\t\t\t<\/div>\n\t\t\t\t<\/div>\n\t\t\t\t\t<\/div>\n\t\t<\/div>\n\t\t\t\t\t<\/div>\n\t\t<\/section>\n\t\t\t\t<section class=\"elementor-section elementor-top-section elementor-element elementor-element-f28d263 elementor-section-boxed elementor-section-gap-beside-yes elementor-section-height-default elementor-section-height-default elementor-section-column-vertical-align-stretch\" data-id=\"f28d263\" data-element_type=\"section\" data-e-type=\"section\">\n\t\t\t\t\t\t<div class=\"elementor-container elementor-column-gap-extended\">\n\t\t\t\t\t<div class=\"elementor-column elementor-col-100 elementor-top-column elementor-element elementor-element-dd35ee8\" data-id=\"dd35ee8\" data-element_type=\"column\" data-e-type=\"column\">\n\t\t\t<div class=\"elementor-widget-wrap elementor-element-populated\">\n\t\t\t\t\t\t<div class=\"elementor-element elementor-element-18264ea elementor-widget elementor-widget-html\" data-id=\"18264ea\" data-element_type=\"widget\" data-e-type=\"widget\" data-widget_type=\"html.default\">\n\t\t\t\t<div class=\"elementor-widget-container\">\n\t\t\t\t\t<p><script async src=\"https:\/\/tp.media\/content?trs=139879&shmarker=327405.zanzibarapp&locale=en&origin=Zanzibar%20Town&powered_by=false&color_button=%23A7E92F&color_icons=%23A7E92F&dark=%23323942&light=%23FFFFFF&secondary=%23016A2B&special=%23a7e92f&color_focused=%23A7E92F&border_radius=30&plain=false&promo_id=8450&campaign_id=371\" charset=\"utf-8\"><\/script><\/script><\/p>\t\t\t\t<\/div>\n\t\t\t\t<\/div>\n\t\t\t\t\t<\/div>\n\t\t<\/div>\n\t\t\t\t\t<\/div>\n\t\t<\/section>\n\t\t\t\t<\/div>","protected":false},"excerpt":{"rendered":"<p>Servicio de transporte con conductor InDrive en Zanz\u00edbar \u00a0<\/p>","protected":false},"author":1,"featured_media":0,"parent":0,"menu_order":0,"comment_status":"closed","ping_status":"closed","template":"","meta":{"footnotes":""},"class_list":["post-6318","page","type-page","status-publish","hentry"],"yoast_head":"<!-- This site is optimized with the Yoast SEO plugin v27.2 - https:\/\/yoast.com\/product\/yoast-seo-wordpress\/ -->\n<title>Zanzibar Ride-Hailing - Zanzibar App: Zanzibar Tourism Travel Guide<\/title>\n<meta name=\"robots\" content=\"index, follow, max-snippet:-1, max-image-preview:large, max-video-preview:-1\" \/>\n<link rel=\"canonical\" href=\"https:\/\/zanzibar.app\/es-es\/zanzibar-ride-hailing\/\" \/>\n<meta property=\"og:locale\" content=\"es_ES\" \/>\n<meta property=\"og:type\" content=\"article\" \/>\n<meta property=\"og:title\" content=\"Zanzibar Ride-Hailing - Zanzibar App: Zanzibar Tourism Travel Guide\" \/>\n<meta property=\"og:description\" content=\"InDrive Ride-Hailing in Zanzibar \u00a0\" \/>\n<meta property=\"og:url\" content=\"https:\/\/zanzibar.app\/es-es\/zanzibar-ride-hailing\/\" \/>\n<meta property=\"og:site_name\" content=\"Zanzibar App: Zanzibar Tourism Travel Guide\" \/>\n<meta property=\"article:modified_time\" content=\"2025-04-04T09:06:39+00:00\" \/>\n<meta name=\"twitter:card\" content=\"summary_large_image\" \/>\n<meta name=\"twitter:label1\" content=\"Tiempo de lectura\" \/>\n\t<meta name=\"twitter:data1\" content=\"1 minuto\" \/>\n<script type=\"application\/ld+json\" class=\"yoast-schema-graph\">{\"@context\":\"https:\/\/schema.org\",\"@graph\":[{\"@type\":\"WebPage\",\"@id\":\"https:\/\/zanzibar.app\/zanzibar-ride-hailing\/\",\"url\":\"https:\/\/zanzibar.app\/zanzibar-ride-hailing\/\",\"name\":\"Zanzibar Ride-Hailing - Zanzibar App: Zanzibar Tourism Travel Guide\",\"isPartOf\":{\"@id\":\"https:\/\/zanzibar.app\/#website\"},\"datePublished\":\"2025-04-04T09:00:08+00:00\",\"dateModified\":\"2025-04-04T09:06:39+00:00\",\"breadcrumb\":{\"@id\":\"https:\/\/zanzibar.app\/zanzibar-ride-hailing\/#breadcrumb\"},\"inLanguage\":\"es\",\"potentialAction\":[{\"@type\":\"ReadAction\",\"target\":[\"https:\/\/zanzibar.app\/zanzibar-ride-hailing\/\"]}]},{\"@type\":\"BreadcrumbList\",\"@id\":\"https:\/\/zanzibar.app\/zanzibar-ride-hailing\/#breadcrumb\",\"itemListElement\":[{\"@type\":\"ListItem\",\"position\":1,\"name\":\"Startseite\",\"item\":\"https:\/\/zanzibar.app\/\"},{\"@type\":\"ListItem\",\"position\":2,\"name\":\"Zanzibar Ride-Hailing\"}]},{\"@type\":\"WebSite\",\"@id\":\"https:\/\/zanzibar.app\/#website\",\"url\":\"https:\/\/zanzibar.app\/\",\"name\":\"Zanzibar App: Zanzibar Tourism Travel Guide\",\"description\":\"\",\"potentialAction\":[{\"@type\":\"SearchAction\",\"target\":{\"@type\":\"EntryPoint\",\"urlTemplate\":\"https:\/\/zanzibar.app\/?s={search_term_string}\"},\"query-input\":{\"@type\":\"PropertyValueSpecification\",\"valueRequired\":true,\"valueName\":\"search_term_string\"}}],\"inLanguage\":\"es\"}]}<\/script>\n<!-- \/ Yoast SEO plugin. -->","yoast_head_json":{"title":"Zanz\u00edbar Ride-Hailing - Aplicaci\u00f3n de Zanz\u00edbar: Gu\u00eda de viajes tur\u00edsticos de Zanz\u00edbar","robots":{"index":"index","follow":"follow","max-snippet":"max-snippet:-1","max-image-preview":"max-image-preview:large","max-video-preview":"max-video-preview:-1"},"canonical":"https:\/\/zanzibar.app\/es-es\/zanzibar-ride-hailing\/","og_locale":"es_ES","og_type":"article","og_title":"Zanzibar Ride-Hailing - Zanzibar App: Zanzibar Tourism Travel Guide","og_description":"InDrive Ride-Hailing in Zanzibar \u00a0","og_url":"https:\/\/zanzibar.app\/es-es\/zanzibar-ride-hailing\/","og_site_name":"Zanzibar App: Zanzibar Tourism Travel Guide","article_modified_time":"2025-04-04T09:06:39+00:00","twitter_card":"summary_large_image","twitter_misc":{"Tiempo de lectura":"1 minuto"},"schema":{"@context":"https:\/\/schema.org","@graph":[{"@type":"WebPage","@id":"https:\/\/zanzibar.app\/zanzibar-ride-hailing\/","url":"https:\/\/zanzibar.app\/zanzibar-ride-hailing\/","name":"Zanz\u00edbar Ride-Hailing - Aplicaci\u00f3n de Zanz\u00edbar: Gu\u00eda de viajes tur\u00edsticos de Zanz\u00edbar","isPartOf":{"@id":"https:\/\/zanzibar.app\/#website"},"datePublished":"2025-04-04T09:00:08+00:00","dateModified":"2025-04-04T09:06:39+00:00","breadcrumb":{"@id":"https:\/\/zanzibar.app\/zanzibar-ride-hailing\/#breadcrumb"},"inLanguage":"es","potentialAction":[{"@type":"ReadAction","target":["https:\/\/zanzibar.app\/zanzibar-ride-hailing\/"]}]},{"@type":"BreadcrumbList","@id":"https:\/\/zanzibar.app\/zanzibar-ride-hailing\/#breadcrumb","itemListElement":[{"@type":"ListItem","position":1,"name":"Startseite","item":"https:\/\/zanzibar.app\/"},{"@type":"ListItem","position":2,"name":"Zanzibar Ride-Hailing"}]},{"@type":"WebSite","@id":"https:\/\/zanzibar.app\/#website","url":"https:\/\/zanzibar.app\/","name":"Aplicaci\u00f3n de Zanz\u00edbar: gu\u00eda tur\u00edstica de viajes de Zanz\u00edbar","description":"","potentialAction":[{"@type":"SearchAction","target":{"@type":"EntryPoint","urlTemplate":"https:\/\/zanzibar.app\/?s={search_term_string}"},"query-input":{"@type":"PropertyValueSpecification","valueRequired":true,"valueName":"search_term_string"}}],"inLanguage":"es"}]}},"_links":{"self":[{"href":"https:\/\/zanzibar.app\/es-es\/wp-json\/wp\/v2\/pages\/6318","targetHints":{"allow":["GET"]}}],"collection":[{"href":"https:\/\/zanzibar.app\/es-es\/wp-json\/wp\/v2\/pages"}],"about":[{"href":"https:\/\/zanzibar.app\/es-es\/wp-json\/wp\/v2\/types\/page"}],"author":[{"embeddable":true,"href":"https:\/\/zanzibar.app\/es-es\/wp-json\/wp\/v2\/users\/1"}],"replies":[{"embeddable":true,"href":"https:\/\/zanzibar.app\/es-es\/wp-json\/wp\/v2\/comments?post=6318"}],"version-history":[{"count":7,"href":"https:\/\/zanzibar.app\/es-es\/wp-json\/wp\/v2\/pages\/6318\/revisions"}],"predecessor-version":[{"id":6339,"href":"https:\/\/zanzibar.app\/es-es\/wp-json\/wp\/v2\/pages\/6318\/revisions\/6339"}],"wp:attachment":[{"href":"https:\/\/zanzibar.app\/es-es\/wp-json\/wp\/v2\/media?parent=6318"}],"curies":[{"name":"gracias","href":"https:\/\/api.w.org\/{rel}","templated":true}]}}