{"id":3926,"date":"2019-09-02T10:02:29","date_gmt":"2019-09-02T08:02:29","guid":{"rendered":"https:\/\/wp-test.getgolo.com\/?page_id=3"},"modified":"2025-03-20T12:22:54","modified_gmt":"2025-03-20T11:22:54","slug":"privacy-policy","status":"publish","type":"page","link":"https:\/\/zanzibar.app\/fr-fr\/privacy-policy\/","title":{"rendered":"politique de confidentialit\u00e9"},"content":{"rendered":"<div data-elementor-type=\"wp-page\" data-elementor-id=\"3926\" class=\"elementor elementor-3926\">\n\t\t\t\t\t\t<section class=\"elementor-section elementor-top-section elementor-element elementor-element-4ec4d738 elementor-section-boxed elementor-section-gap-beside-yes elementor-section-height-default elementor-section-height-default elementor-section-column-vertical-align-stretch\" data-id=\"4ec4d738\" data-element_type=\"section\" data-e-type=\"section\">\n\t\t\t\t\t\t<div class=\"elementor-container elementor-column-gap-extended\">\n\t\t\t\t\t<div class=\"elementor-column elementor-col-100 elementor-top-column elementor-element elementor-element-74fb24b0\" data-id=\"74fb24b0\" data-element_type=\"column\" data-e-type=\"column\">\n\t\t\t<div class=\"elementor-widget-wrap elementor-element-populated\">\n\t\t\t\t\t\t<div class=\"elementor-element elementor-element-2a95b0f8 elementor-widget elementor-widget-text-editor\" data-id=\"2a95b0f8\" data-element_type=\"widget\" data-e-type=\"widget\" data-widget_type=\"text-editor.default\">\n\t\t\t\t<div class=\"elementor-widget-container\">\n\t\t\t\t\t\t\t\t\t<h2>Politique de confidentialit\u00e9 de Zanzibar.app<\/h2><p>Date d&#039;entr\u00e9e en vigueur : 20.03.2025<\/p><p>\u00a0<\/p><h3>1. Introduction<\/h3><p>Bienvenue sur Zanzibar.app, une application con\u00e7ue pour vous aider \u00e0 d\u00e9couvrir et planifier vos voyages. Votre vie priv\u00e9e est primordiale pour nous et nous nous engageons \u00e0 prot\u00e9ger vos donn\u00e9es personnelles. Cette politique de confidentialit\u00e9 explique comment nous collectons, utilisons, divulguons et prot\u00e9geons vos informations lorsque vous utilisez notre application, et d\u00e9crit vos droits concernant vos donn\u00e9es personnelles.<\/p><p>Veuillez lire attentivement cette politique de confidentialit\u00e9 pour comprendre comment vos donn\u00e9es sont trait\u00e9es lorsque vous utilisez notre application et les services associ\u00e9s. Pour toute question ou pr\u00e9occupation concernant cette politique, n&#039;h\u00e9sitez pas \u00e0 nous contacter.<\/p><p>\u00a0<\/p><h3>2. Port\u00e9e de la pr\u00e9sente politique<\/h3><p>Cette politique de confidentialit\u00e9 s&#039;applique \u00e0 l&#039;application mobile Zanzibar.app et \u00e0 tous les services et fonctionnalit\u00e9s associ\u00e9s que nous proposons. Elle couvre \u00e9galement les services tiers int\u00e9gr\u00e9s \u00e0 l&#039;application, tels que les passerelles de paiement, les outils d&#039;analyse (dont Google Analytics), etc. Cependant, elle ne s&#039;applique pas aux applications, sites web ou services tiers \u00e9ventuellement li\u00e9s \u00e0 notre application, qui ont leurs propres pratiques de confidentialit\u00e9.<\/p><p>\u00a0<\/p><h3>3. Donn\u00e9es que nous collectons<\/h3><p>Nous collectons les types de donn\u00e9es suivants lorsque vous utilisez notre application\u00a0:<\/p><p><br \/>\u2022 Informations personnelles : Lorsque vous cr\u00e9ez un compte, nous pouvons collecter des informations personnelles telles que votre nom et votre adresse e-mail.<\/p><p><br \/>\u2022 Donn\u00e9es de localisation approximatives : Nous pouvons collecter vos donn\u00e9es de localisation approximatives pour vous fournir des recommandations personnalis\u00e9es et des informations de voyage pertinentes en fonction de votre localisation. Vous pouvez g\u00e9rer cette fonctionnalit\u00e9 via les param\u00e8tres de votre appareil.<\/p><p><br \/>\u2022 Informations sur l&#039;application et donn\u00e9es de performance\u00a0: nous collectons les journaux de plantage, les diagnostics et les donn\u00e9es de performance de l&#039;application afin de surveiller et d&#039;am\u00e9liorer sa stabilit\u00e9 et ses fonctionnalit\u00e9s. Cela nous permet d&#039;identifier et de r\u00e9soudre rapidement les bugs et les probl\u00e8mes de performance.<\/p><p><br \/>\u2022 Activit\u00e9 de l&#039;application\u00a0: Les donn\u00e9es d&#039;activit\u00e9 de l&#039;application sont collect\u00e9es pour analyser la fa\u00e7on dont les utilisateurs interagissent avec notre application. Cela inclut le suivi des fonctionnalit\u00e9s utilis\u00e9es, du comportement de navigation et d&#039;autres activit\u00e9s int\u00e9gr\u00e9es \u00e0 l&#039;application, afin d&#039;am\u00e9liorer l&#039;ergonomie et les fonctionnalit\u00e9s de l&#039;application.<\/p><p><br \/>\u2022 Identifiants de l&#039;appareil ou autres\u00a0: Nous collectons les identifiants de l&#039;appareil (tels que l&#039;identifiant de l&#039;appareil ou d&#039;autres identifiants uniques) pour suivre l&#039;utilisation de l&#039;application, g\u00e9rer les performances et fournir du contenu ou des notifications pertinents. Cela nous permet d&#039;am\u00e9liorer votre exp\u00e9rience en personnalisant les fonctionnalit\u00e9s de l&#039;application en fonction de l&#039;appareil.<\/p><p>\u00a0<\/p><h4>4. Pourquoi nous collectons des donn\u00e9es<\/h4><p>Nous collectons vos donn\u00e9es aux fins suivantes :<\/p><p>Pour fournir des recommandations de voyage personnalis\u00e9es, telles que des guides de voyage bas\u00e9s sur la localisation.<br \/>Pour am\u00e9liorer les fonctionnalit\u00e9s et les performances de l&#039;application.<br \/>Pour traiter votre compte et g\u00e9rer vos pr\u00e9f\u00e9rences.<br \/>Pour se conformer aux obligations l\u00e9gales.<br \/>Pour am\u00e9liorer l&#039;exp\u00e9rience utilisateur et fournir un support client.<\/p><p><br \/>Nous collectons uniquement les donn\u00e9es n\u00e9cessaires pour faire fonctionner l&#039;application efficacement et vous offrir la meilleure exp\u00e9rience possible.<\/p><p>\u00a0<\/p><h3>5. Comment nous utilisons vos donn\u00e9es<\/h3><p>Vos donn\u00e9es sont utilis\u00e9es de la mani\u00e8re suivante :<\/p><p>Personnalisation : nous utilisons des donn\u00e9es de localisation approximatives et d&#039;activit\u00e9 de l&#039;application pour proposer des exp\u00e9riences de voyage et des recommandations personnalis\u00e9es.<br \/>Am\u00e9liorations de l&#039;application : nous analysons les performances de l&#039;application et le comportement des utilisateurs pour affiner nos fonctionnalit\u00e9s.<br \/>Communication : Nous pouvons vous envoyer des notifications concernant des mises \u00e0 jour, des promotions ou des informations importantes sur l&#039;application.<br \/>Analyses\u00a0: Nous pouvons utiliser les donn\u00e9es pour r\u00e9aliser des analyses et mesurer les performances de l&#039;application. Cela inclut le recours \u00e0 des services d&#039;analyse tiers tels que Google Analytics pour nous aider \u00e0 comprendre comment les utilisateurs interagissent avec l&#039;application et \u00e0 am\u00e9liorer ses fonctionnalit\u00e9s.<\/p><h3>\u00a0<\/h3><h3>6. Google Analytics<\/h3><p>Nous utilisons Google Analytics, un service fourni par Google, pour suivre et analyser les interactions des utilisateurs avec notre application. Google Analytics collecte des informations telles que les pages consult\u00e9es, l&#039;appareil utilis\u00e9 et d&#039;autres activit\u00e9s au sein de l&#039;application. Ces donn\u00e9es nous aident \u00e0 am\u00e9liorer les performances et les fonctionnalit\u00e9s de l&#039;application.<\/p><p>Google Analytics collecte des donn\u00e9es via des cookies, des identifiants d&#039;appareil et d&#039;autres technologies de suivi. Pour plus d&#039;informations sur la mani\u00e8re dont Google Analytics collecte et traite les donn\u00e9es, veuillez consulter la Politique de confidentialit\u00e9 de Google.<\/p><p>Vous pouvez d\u00e9sactiver Google Analytics en utilisant le module compl\u00e9mentaire de navigateur pour la d\u00e9sactivation de Google Analytics.<\/p><p>\u00a0<\/p><h3>7. Partage et divulgation des donn\u00e9es<\/h3><p>Nous pouvons partager vos donn\u00e9es dans les circonstances suivantes :<\/p><p>Avec les fournisseurs de services\u00a0: nous partageons des donn\u00e9es avec des fournisseurs tiers, tels que des plateformes d&#039;analyse ou des processeurs de paiement, pour nous aider \u00e0 fournir des fonctionnalit\u00e9s et des services d&#039;application.<br \/>Avec les autorit\u00e9s l\u00e9gales : Nous pouvons divulguer vos donn\u00e9es si la loi l\u2019exige ou pour prot\u00e9ger nos droits, notre s\u00e9curit\u00e9 ou les droits d\u2019autrui.<br \/>Donn\u00e9es agr\u00e9g\u00e9es et non identifiables : nous pouvons partager des donn\u00e9es agr\u00e9g\u00e9es ou anonymis\u00e9es qui ne vous identifient pas \u00e0 des fins de recherche ou d&#039;analyse.<br \/>Nous ne partagerons ni ne vendrons vos donn\u00e9es personnelles \u00e0 des tiers \u00e0 des fins de marketing.<\/p><p>\u00a0<\/p><h3>8. Conservation des donn\u00e9es<\/h3><p>Nous conserverons vos donn\u00e9es personnelles uniquement le temps n\u00e9cessaire \u00e0 la r\u00e9alisation des finalit\u00e9s d\u00e9crites dans la pr\u00e9sente politique. Si vous choisissez de supprimer votre compte, nous supprimerons vos informations personnelles dans un d\u00e9lai raisonnable, sauf si leur conservation est requise par la loi ou la r\u00e9glementation.<\/p><p>\u00a0<\/p><h3>9. S\u00e9curit\u00e9 des donn\u00e9es<\/h3><p>Nous prenons la s\u00e9curit\u00e9 de vos donn\u00e9es tr\u00e8s au s\u00e9rieux. Nous mettons en \u0153uvre diverses mesures techniques et organisationnelles pour prot\u00e9ger vos informations, notamment\u00a0:<\/p><p>Cryptage : Nous utilisons le cryptage pour prot\u00e9ger les donn\u00e9es sensibles transmises sur Internet.<br \/>Contr\u00f4les d&#039;acc\u00e8s : Nous limitons l&#039;acc\u00e8s \u00e0 vos donn\u00e9es au personnel autoris\u00e9 uniquement.<br \/>Audits de s\u00e9curit\u00e9 r\u00e9guliers : nous effectuons des contr\u00f4les de routine pour garantir que nos mesures de s\u00e9curit\u00e9 restent efficaces.<br \/>Bien que nous prenions des mesures raisonnables pour s\u00e9curiser vos donn\u00e9es, aucun syst\u00e8me de s\u00e9curit\u00e9 n\u2019est totalement invuln\u00e9rable et nous ne pouvons pas garantir une s\u00e9curit\u00e9 absolue.<\/p><p>\u00a0<\/p><h3>10. Vos droits et choix (conformit\u00e9 au RGPD)<\/h3><p>Conform\u00e9ment au r\u00e8glement g\u00e9n\u00e9ral sur la protection des donn\u00e9es (RGPD), si vous \u00eates situ\u00e9 dans l&#039;Union europ\u00e9enne ou l&#039;Espace \u00e9conomique europ\u00e9en, vous disposez des droits suivants concernant vos donn\u00e9es personnelles :<\/p><p>Acc\u00e8s : Vous pouvez demander une copie des donn\u00e9es que nous d\u00e9tenons \u00e0 votre sujet.<br \/>Correction : Vous pouvez mettre \u00e0 jour ou corriger vos informations personnelles.<br \/>Suppression : Vous pouvez demander que nous supprimions vos donn\u00e9es personnelles, sous r\u00e9serve de certaines exceptions l\u00e9gales.<br \/>Portabilit\u00e9 : Vous pouvez demander \u00e0 recevoir vos donn\u00e9es dans un format structur\u00e9, couramment utilis\u00e9 et lisible par machine.<br \/>Retrait du consentement : Vous pouvez retirer votre consentement \u00e0 la collecte de donn\u00e9es \u00e0 tout moment en ajustant les param\u00e8tres de votre application ou en nous contactant.<br \/>Pour exercer l\u2019un de vos droits en vertu du RGPD, veuillez nous contacter en utilisant les informations fournies ci-dessous.<\/p><p>\u00a0<\/p><h3>11. Cookies et suivi<\/h3><p>Nous pouvons utiliser des cookies ou des technologies de suivi similaires pour collecter des donn\u00e9es sur votre utilisation de l&#039;application. Ces outils nous aident \u00e0 am\u00e9liorer votre exp\u00e9rience en m\u00e9morisant vos pr\u00e9f\u00e9rences ou en analysant les tendances. Vous pouvez g\u00e9rer ou d\u00e9sactiver les cookies via les param\u00e8tres de votre appareil.<\/p><p>\u00a0<\/p><h3>12. Transferts internationaux de donn\u00e9es<\/h3><p>Vos donn\u00e9es peuvent \u00eatre transf\u00e9r\u00e9es et trait\u00e9es dans des pays situ\u00e9s hors de votre juridiction, y compris des pays dont la l\u00e9gislation en mati\u00e8re de protection des donn\u00e9es peut ne pas \u00eatre la m\u00eame que la v\u00f4tre. Nous prenons les mesures appropri\u00e9es pour prot\u00e9ger vos donn\u00e9es lors des transferts internationaux, notamment en utilisant des clauses contractuelles ou d&#039;autres garanties.<\/p><p>\u00a0<\/p><h3>13. Conditions d&#039;\u00e2ge<\/h3><p>Notre application n&#039;est pas destin\u00e9e aux enfants de moins de 18 ans et nous ne collectons pas sciemment de donn\u00e9es personnelles aupr\u00e8s d&#039;enfants. Si nous apprenons que nous avons collect\u00e9 par inadvertance des donn\u00e9es aupr\u00e8s d&#039;un enfant, nous prendrons des mesures pour les supprimer.<\/p><p>\u00a0<\/p><h3>14. Modifications de cette politique<\/h3><p>Nous sommes susceptibles de mettre \u00e0 jour cette Politique de confidentialit\u00e9 de temps \u00e0 autre afin de refl\u00e9ter l&#039;\u00e9volution de nos pratiques ou des exigences l\u00e9gales. Nous vous informerons de tout changement important via l&#039;application ou par e-mail. Veuillez consulter r\u00e9guli\u00e8rement cette page pour prendre connaissance des mises \u00e0 jour.<\/p><p>\u00a0<\/p><h3>15. Contactez-nous<\/h3><p>Si vous avez des questions ou des pr\u00e9occupations concernant cette politique de confidentialit\u00e9 ou nos pratiques en mati\u00e8re de donn\u00e9es, veuillez nous contacter \u00e0 l&#039;adresse suivante\u00a0:<\/p><p>Courriel : support @ zanzibar.app<\/p><p>\u00a0<\/p><p>En utilisant notre application, vous acceptez la collecte et l&#039;utilisation d&#039;informations conform\u00e9ment \u00e0 la pr\u00e9sente politique de confidentialit\u00e9.<\/p>\t\t\t\t\t\t\t\t<\/div>\n\t\t\t\t<\/div>\n\t\t\t\t\t<\/div>\n\t\t<\/div>\n\t\t\t\t\t<\/div>\n\t\t<\/section>\n\t\t\t\t<\/div>","protected":false},"excerpt":{"rendered":"<p>Privacy Policy for Zanzibar.app Effective Date: 20.03.2025 \u00a0 1. Introduction Welcome to Zanzibar.app, an app designed to help you discover and plan your travel experiences. Your privacy is extremely important to us, and we are committed to protecting your personal data. This Privacy Policy explains how we collect, use, disclose, and safeguard your information when [&hellip;]<\/p>\n","protected":false},"author":1,"featured_media":0,"parent":0,"menu_order":0,"comment_status":"closed","ping_status":"closed","template":"","meta":{"footnotes":""},"class_list":["post-3926","page","type-page","status-publish","hentry"],"yoast_head":"<!-- This site is optimized with the Yoast SEO plugin v27.2 - https:\/\/yoast.com\/product\/yoast-seo-wordpress\/ -->\n<title>Privacy Policy - Zanzibar App: Zanzibar Tourism Travel Guide<\/title>\n<meta name=\"robots\" content=\"index, follow, max-snippet:-1, max-image-preview:large, max-video-preview:-1\" \/>\n<link rel=\"canonical\" href=\"https:\/\/zanzibar.app\/fr-fr\/privacy-policy\/\" \/>\n<meta property=\"og:locale\" content=\"fr_FR\" \/>\n<meta property=\"og:type\" content=\"article\" \/>\n<meta property=\"og:title\" content=\"Privacy Policy - Zanzibar App: Zanzibar Tourism Travel Guide\" \/>\n<meta property=\"og:description\" content=\"Privacy Policy for Zanzibar.app Effective Date: 20.03.2025 \u00a0 1. Introduction Welcome to Zanzibar.app, an app designed to help you discover and plan your travel experiences. Your privacy is extremely important to us, and we are committed to protecting your personal data. This Privacy Policy explains how we collect, use, disclose, and safeguard your information when [&hellip;]\" \/>\n<meta property=\"og:url\" content=\"https:\/\/zanzibar.app\/fr-fr\/privacy-policy\/\" \/>\n<meta property=\"og:site_name\" content=\"Zanzibar App: Zanzibar Tourism Travel Guide\" \/>\n<meta property=\"article:modified_time\" content=\"2025-03-20T11:22:54+00:00\" \/>\n<meta name=\"twitter:card\" content=\"summary_large_image\" \/>\n<meta name=\"twitter:label1\" content=\"Dur\u00e9e de lecture estim\u00e9e\" \/>\n\t<meta name=\"twitter:data1\" content=\"6 minutes\" \/>\n<script type=\"application\/ld+json\" class=\"yoast-schema-graph\">{\"@context\":\"https:\/\/schema.org\",\"@graph\":[{\"@type\":\"WebPage\",\"@id\":\"https:\/\/zanzibar.app\/privacy-policy\/\",\"url\":\"https:\/\/zanzibar.app\/privacy-policy\/\",\"name\":\"Privacy Policy - Zanzibar App: Zanzibar Tourism Travel Guide\",\"isPartOf\":{\"@id\":\"https:\/\/zanzibar.app\/#website\"},\"datePublished\":\"2019-09-02T08:02:29+00:00\",\"dateModified\":\"2025-03-20T11:22:54+00:00\",\"breadcrumb\":{\"@id\":\"https:\/\/zanzibar.app\/privacy-policy\/#breadcrumb\"},\"inLanguage\":\"fr-FR\",\"potentialAction\":[{\"@type\":\"ReadAction\",\"target\":[\"https:\/\/zanzibar.app\/privacy-policy\/\"]}]},{\"@type\":\"BreadcrumbList\",\"@id\":\"https:\/\/zanzibar.app\/privacy-policy\/#breadcrumb\",\"itemListElement\":[{\"@type\":\"ListItem\",\"position\":1,\"name\":\"Startseite\",\"item\":\"https:\/\/zanzibar.app\/\"},{\"@type\":\"ListItem\",\"position\":2,\"name\":\"Privacy Policy\"}]},{\"@type\":\"WebSite\",\"@id\":\"https:\/\/zanzibar.app\/#website\",\"url\":\"https:\/\/zanzibar.app\/\",\"name\":\"Zanzibar App: Zanzibar Tourism Travel Guide\",\"description\":\"\",\"potentialAction\":[{\"@type\":\"SearchAction\",\"target\":{\"@type\":\"EntryPoint\",\"urlTemplate\":\"https:\/\/zanzibar.app\/?s={search_term_string}\"},\"query-input\":{\"@type\":\"PropertyValueSpecification\",\"valueRequired\":true,\"valueName\":\"search_term_string\"}}],\"inLanguage\":\"fr-FR\"}]}<\/script>\n<!-- \/ Yoast SEO plugin. -->","yoast_head_json":{"title":"Politique de confidentialit\u00e9 - Application Zanzibar\u00a0: Guide touristique de Zanzibar","robots":{"index":"index","follow":"follow","max-snippet":"max-snippet:-1","max-image-preview":"max-image-preview:large","max-video-preview":"max-video-preview:-1"},"canonical":"https:\/\/zanzibar.app\/fr-fr\/privacy-policy\/","og_locale":"fr_FR","og_type":"article","og_title":"Privacy Policy - Zanzibar App: Zanzibar Tourism Travel Guide","og_description":"Privacy Policy for Zanzibar.app Effective Date: 20.03.2025 \u00a0 1. Introduction Welcome to Zanzibar.app, an app designed to help you discover and plan your travel experiences. Your privacy is extremely important to us, and we are committed to protecting your personal data. This Privacy Policy explains how we collect, use, disclose, and safeguard your information when [&hellip;]","og_url":"https:\/\/zanzibar.app\/fr-fr\/privacy-policy\/","og_site_name":"Zanzibar App: Zanzibar Tourism Travel Guide","article_modified_time":"2025-03-20T11:22:54+00:00","twitter_card":"summary_large_image","twitter_misc":{"Dur\u00e9e de lecture estim\u00e9e":"6 minutes"},"schema":{"@context":"https:\/\/schema.org","@graph":[{"@type":"WebPage","@id":"https:\/\/zanzibar.app\/privacy-policy\/","url":"https:\/\/zanzibar.app\/privacy-policy\/","name":"Politique de confidentialit\u00e9 - Application Zanzibar\u00a0: Guide touristique de Zanzibar","isPartOf":{"@id":"https:\/\/zanzibar.app\/#website"},"datePublished":"2019-09-02T08:02:29+00:00","dateModified":"2025-03-20T11:22:54+00:00","breadcrumb":{"@id":"https:\/\/zanzibar.app\/privacy-policy\/#breadcrumb"},"inLanguage":"fr-FR","potentialAction":[{"@type":"ReadAction","target":["https:\/\/zanzibar.app\/privacy-policy\/"]}]},{"@type":"BreadcrumbList","@id":"https:\/\/zanzibar.app\/privacy-policy\/#breadcrumb","itemListElement":[{"@type":"ListItem","position":1,"name":"Startseite","item":"https:\/\/zanzibar.app\/"},{"@type":"ListItem","position":2,"name":"Privacy Policy"}]},{"@type":"WebSite","@id":"https:\/\/zanzibar.app\/#website","url":"https:\/\/zanzibar.app\/","name":"Appli Zanzibar : Guide touristique de Zanzibar","description":"","potentialAction":[{"@type":"SearchAction","target":{"@type":"EntryPoint","urlTemplate":"https:\/\/zanzibar.app\/?s={search_term_string}"},"query-input":{"@type":"PropertyValueSpecification","valueRequired":true,"valueName":"search_term_string"}}],"inLanguage":"fr-FR"}]}},"_links":{"self":[{"href":"https:\/\/zanzibar.app\/fr-fr\/wp-json\/wp\/v2\/pages\/3926","targetHints":{"allow":["GET"]}}],"collection":[{"href":"https:\/\/zanzibar.app\/fr-fr\/wp-json\/wp\/v2\/pages"}],"about":[{"href":"https:\/\/zanzibar.app\/fr-fr\/wp-json\/wp\/v2\/types\/page"}],"author":[{"embeddable":true,"href":"https:\/\/zanzibar.app\/fr-fr\/wp-json\/wp\/v2\/users\/1"}],"replies":[{"embeddable":true,"href":"https:\/\/zanzibar.app\/fr-fr\/wp-json\/wp\/v2\/comments?post=3926"}],"version-history":[{"count":10,"href":"https:\/\/zanzibar.app\/fr-fr\/wp-json\/wp\/v2\/pages\/3926\/revisions"}],"predecessor-version":[{"id":6241,"href":"https:\/\/zanzibar.app\/fr-fr\/wp-json\/wp\/v2\/pages\/3926\/revisions\/6241"}],"wp:attachment":[{"href":"https:\/\/zanzibar.app\/fr-fr\/wp-json\/wp\/v2\/media?parent=3926"}],"curies":[{"name":"wp","href":"https:\/\/api.w.org\/{rel}","templated":true}]}}