{"id":2622,"date":"2019-11-24T09:55:24","date_gmt":"2019-11-24T09:55:24","guid":{"rendered":"https:\/\/wp-test.getgolo.com\/?page_id=2622"},"modified":"2026-01-27T11:59:51","modified_gmt":"2026-01-27T10:59:51","slug":"faqs","status":"publish","type":"page","link":"https:\/\/zanzibar.app\/pl-pl\/faqs\/","title":{"rendered":"FAQ"},"content":{"rendered":"<div data-elementor-type=\"wp-page\" data-elementor-id=\"2622\" class=\"elementor elementor-2622\">\n\t\t\t\t\t\t<section class=\"elementor-section elementor-top-section elementor-element elementor-element-4d2958a elementor-section-stretched elementor-section-boxed elementor-section-gap-beside-yes elementor-section-height-default elementor-section-height-default elementor-section-column-vertical-align-stretch\" data-id=\"4d2958a\" data-element_type=\"section\" data-e-type=\"section\" data-settings=\"{&quot;stretch_section&quot;:&quot;section-stretched&quot;,&quot;background_background&quot;:&quot;classic&quot;}\">\n\t\t\t\t\t\t<div class=\"elementor-container elementor-column-gap-extended\">\n\t\t\t\t\t<div class=\"elementor-column elementor-col-100 elementor-top-column elementor-element elementor-element-6230919\" data-id=\"6230919\" data-element_type=\"column\" data-e-type=\"column\">\n\t\t\t<div class=\"elementor-widget-wrap elementor-element-populated\">\n\t\t\t\t\t\t<div class=\"elementor-element elementor-element-e003897 elementor-widget elementor-widget-heading\" data-id=\"e003897\" data-element_type=\"widget\" data-e-type=\"widget\" data-widget_type=\"heading.default\">\n\t\t\t\t<div class=\"elementor-widget-container\">\n\t\t\t\t\t<h2 class=\"elementor-heading-title elementor-size-default\">FAQ<\/h2>\t\t\t\t<\/div>\n\t\t\t\t<\/div>\n\t\t\t\t<div class=\"elementor-element elementor-element-b84bccf elementor-widget elementor-widget-text-editor\" data-id=\"b84bccf\" data-element_type=\"widget\" data-e-type=\"widget\" data-widget_type=\"text-editor.default\">\n\t\t\t\t<div class=\"elementor-widget-container\">\n\t\t\t\t\t\t\t\t\t<p>Przeczytaj najcz\u0119\u015bciej zadawane pytania dotycz\u0105ce aplikacji Zanzibar, aby zobaczy\u0107 odpowiedzi na popularne pytania.<\/p>\t\t\t\t\t\t\t\t<\/div>\n\t\t\t\t<\/div>\n\t\t\t\t\t<\/div>\n\t\t<\/div>\n\t\t\t\t\t<\/div>\n\t\t<\/section>\n\t\t\t\t<section class=\"elementor-section elementor-top-section elementor-element elementor-element-56363f3 elementor-section-boxed elementor-section-gap-beside-yes elementor-section-height-default elementor-section-height-default elementor-section-content-align-center elementor-section-column-vertical-align-stretch\" data-id=\"56363f3\" data-element_type=\"section\" data-e-type=\"section\">\n\t\t\t\t\t\t<div class=\"elementor-container elementor-column-gap-extended\">\n\t\t\t\t\t<div class=\"elementor-column elementor-col-100 elementor-top-column elementor-element elementor-element-2e0a44e\" data-id=\"2e0a44e\" data-element_type=\"column\" data-e-type=\"column\">\n\t\t\t<div class=\"elementor-widget-wrap elementor-element-populated\">\n\t\t\t\t\t\t<div class=\"elementor-element elementor-element-5deb8ce elementor-widget elementor-widget-heading\" data-id=\"5deb8ce\" data-element_type=\"widget\" data-e-type=\"widget\" data-widget_type=\"heading.default\">\n\t\t\t\t<div class=\"elementor-widget-container\">\n\t\t\t\t\t<h3 class=\"elementor-heading-title elementor-size-default\">Cz\u0119sto Zadawane Pytania<\/h3>\t\t\t\t<\/div>\n\t\t\t\t<\/div>\n\t\t\t\t<div class=\"elementor-element elementor-element-97ad085 elementor-widget elementor-widget-toggle\" data-id=\"97ad085\" data-element_type=\"widget\" data-e-type=\"widget\" data-widget_type=\"toggle.default\">\n\t\t\t\t<div class=\"elementor-widget-container\">\n\t\t\t\t\t\t\t<div class=\"elementor-toggle\">\n\t\t\t\t\t\t\t<div class=\"elementor-toggle-item\">\n\t\t\t\t\t<div id=\"elementor-tab-title-1591\" class=\"elementor-tab-title\" data-tab=\"1\" role=\"button\" aria-controls=\"elementor-tab-content-1591\" aria-expanded=\"false\">\n\t\t\t\t\t\t\t\t\t\t\t\t<span class=\"elementor-toggle-icon elementor-toggle-icon-right\" aria-hidden=\"true\">\n\t\t\t\t\t\t\t\t\t\t\t\t\t\t\t<span class=\"elementor-toggle-icon-closed\"><i class=\"las la-plus\"><\/i><\/span>\n\t\t\t\t\t\t\t\t<span class=\"elementor-toggle-icon-opened\"><i class=\"elementor-toggle-icon-opened  las la-minus\"><\/i><\/span>\n\t\t\t\t\t\t\t\t\t\t\t\t\t<\/span>\n\t\t\t\t\t\t\t\t\t\t\t\t<a class=\"elementor-toggle-title\" tabindex=\"0\">Jak si\u0119 zarejestrowa\u0107?<\/a>\n\t\t\t\t\t<\/div>\n\n\t\t\t\t\t<div id=\"elementor-tab-content-1591\" class=\"elementor-tab-content elementor-clearfix\" data-tab=\"1\" role=\"region\" aria-labelledby=\"elementor-tab-title-1591\"><p>Prosz\u0119 wybra\u0107 pozycj\u0119 menu \u201eZaloguj si\u0119\u201d na stronie g\u0142\u00f3wnej, aby przej\u015b\u0107 do formularza rejestracyjnego. Nast\u0119pnie b\u0119dziesz musia\u0142 wype\u0142ni\u0107 formularz. Jak tylko wype\u0142nisz formularz, mo\u017cesz klikn\u0105\u0107 \u201eZarejestruj si\u0119\u201d, a otrzymasz wiadomo\u015b\u0107 e-mail z potwierdzeniem, aby zweryfikowa\u0107 rejestracj\u0119.<\/p><\/div>\n\t\t\t\t<\/div>\n\t\t\t\t\t\t\t<div class=\"elementor-toggle-item\">\n\t\t\t\t\t<div id=\"elementor-tab-title-1592\" class=\"elementor-tab-title\" data-tab=\"2\" role=\"button\" aria-controls=\"elementor-tab-content-1592\" aria-expanded=\"false\">\n\t\t\t\t\t\t\t\t\t\t\t\t<span class=\"elementor-toggle-icon elementor-toggle-icon-right\" aria-hidden=\"true\">\n\t\t\t\t\t\t\t\t\t\t\t\t\t\t\t<span class=\"elementor-toggle-icon-closed\"><i class=\"las la-plus\"><\/i><\/span>\n\t\t\t\t\t\t\t\t<span class=\"elementor-toggle-icon-opened\"><i class=\"elementor-toggle-icon-opened  las la-minus\"><\/i><\/span>\n\t\t\t\t\t\t\t\t\t\t\t\t\t<\/span>\n\t\t\t\t\t\t\t\t\t\t\t\t<a class=\"elementor-toggle-title\" tabindex=\"0\">Czy s\u0105 jakie\u015b op\u0142aty rejestracyjne?<\/a>\n\t\t\t\t\t<\/div>\n\n\t\t\t\t\t<div id=\"elementor-tab-content-1592\" class=\"elementor-tab-content elementor-clearfix\" data-tab=\"2\" role=\"region\" aria-labelledby=\"elementor-tab-title-1592\"><p>Rejestracja jest bezp\u0142atna. U\u017cytkownik mo\u017ce tworzy\u0107 darmowe konta cz\u0142onkowskie na stronie internetowej\/aplikacji.<\/p><\/div>\n\t\t\t\t<\/div>\n\t\t\t\t\t\t\t<div class=\"elementor-toggle-item\">\n\t\t\t\t\t<div id=\"elementor-tab-title-1593\" class=\"elementor-tab-title\" data-tab=\"3\" role=\"button\" aria-controls=\"elementor-tab-content-1593\" aria-expanded=\"false\">\n\t\t\t\t\t\t\t\t\t\t\t\t<span class=\"elementor-toggle-icon elementor-toggle-icon-right\" aria-hidden=\"true\">\n\t\t\t\t\t\t\t\t\t\t\t\t\t\t\t<span class=\"elementor-toggle-icon-closed\"><i class=\"las la-plus\"><\/i><\/span>\n\t\t\t\t\t\t\t\t<span class=\"elementor-toggle-icon-opened\"><i class=\"elementor-toggle-icon-opened  las la-minus\"><\/i><\/span>\n\t\t\t\t\t\t\t\t\t\t\t\t\t<\/span>\n\t\t\t\t\t\t\t\t\t\t\t\t<a class=\"elementor-toggle-title\" tabindex=\"0\">Jak bezpieczne s\u0105 moje pieni\u0105dze?<\/a>\n\t\t\t\t\t<\/div>\n\n\t\t\t\t\t<div id=\"elementor-tab-content-1593\" class=\"elementor-tab-content elementor-clearfix\" data-tab=\"3\" role=\"region\" aria-labelledby=\"elementor-tab-title-1593\"><p>Absolutnie. Dane Twojej karty kredytowej s\u0105 szyfrowane podczas transmisji. Nie b\u0119dziemy przechowywa\u0107 informacji dotycz\u0105cych Twojej karty p\u0142atniczej lub kredytowej. Te informacje finansowe nigdy nie s\u0105 pod nasz\u0105 kontrol\u0105. Informacje te s\u0105 podawane na stronie, kt\u00f3ra w rzeczywisto\u015bci jest stron\u0105 naszego dostawcy us\u0142ug p\u0142atniczych.<\/p><\/div>\n\t\t\t\t<\/div>\n\t\t\t\t\t\t\t<div class=\"elementor-toggle-item\">\n\t\t\t\t\t<div id=\"elementor-tab-title-1594\" class=\"elementor-tab-title\" data-tab=\"4\" role=\"button\" aria-controls=\"elementor-tab-content-1594\" aria-expanded=\"false\">\n\t\t\t\t\t\t\t\t\t\t\t\t<span class=\"elementor-toggle-icon elementor-toggle-icon-right\" aria-hidden=\"true\">\n\t\t\t\t\t\t\t\t\t\t\t\t\t\t\t<span class=\"elementor-toggle-icon-closed\"><i class=\"las la-plus\"><\/i><\/span>\n\t\t\t\t\t\t\t\t<span class=\"elementor-toggle-icon-opened\"><i class=\"elementor-toggle-icon-opened  las la-minus\"><\/i><\/span>\n\t\t\t\t\t\t\t\t\t\t\t\t\t<\/span>\n\t\t\t\t\t\t\t\t\t\t\t\t<a class=\"elementor-toggle-title\" tabindex=\"0\">Zapomnia\u0142em nazwy u\u017cytkownika\/has\u0142a. Co mog\u0119 zrobi\u0107?<\/a>\n\t\t\t\t\t<\/div>\n\n\t\t\t\t\t<div id=\"elementor-tab-content-1594\" class=\"elementor-tab-content elementor-clearfix\" data-tab=\"4\" role=\"region\" aria-labelledby=\"elementor-tab-title-1594\"><p>Wybierz pozycj\u0119 menu \u201eZaloguj si\u0119\u201d na stronie g\u0142\u00f3wnej\u201d i kliknij \u201eNie pami\u0119tam has\u0142a\u201d. Prosz\u0119, uzupe\u0142nij sw\u00f3j adres e-mail. Otrzymasz wiadomo\u015b\u0107 weryfikacyjn\u0105 na sw\u00f3j adres e-mail.<\/p><\/div>\n\t\t\t\t<\/div>\n\t\t\t\t\t\t\t<div class=\"elementor-toggle-item\">\n\t\t\t\t\t<div id=\"elementor-tab-title-1595\" class=\"elementor-tab-title\" data-tab=\"5\" role=\"button\" aria-controls=\"elementor-tab-content-1595\" aria-expanded=\"false\">\n\t\t\t\t\t\t\t\t\t\t\t\t<span class=\"elementor-toggle-icon elementor-toggle-icon-right\" aria-hidden=\"true\">\n\t\t\t\t\t\t\t\t\t\t\t\t\t\t\t<span class=\"elementor-toggle-icon-closed\"><i class=\"las la-plus\"><\/i><\/span>\n\t\t\t\t\t\t\t\t<span class=\"elementor-toggle-icon-opened\"><i class=\"elementor-toggle-icon-opened  las la-minus\"><\/i><\/span>\n\t\t\t\t\t\t\t\t\t\t\t\t\t<\/span>\n\t\t\t\t\t\t\t\t\t\t\t\t<a class=\"elementor-toggle-title\" tabindex=\"0\">Kto mo\u017ce przegl\u0105da\u0107 moje konto?<\/a>\n\t\t\t\t\t<\/div>\n\n\t\t\t\t\t<div id=\"elementor-tab-content-1595\" class=\"elementor-tab-content elementor-clearfix\" data-tab=\"5\" role=\"region\" aria-labelledby=\"elementor-tab-title-1595\"><p>Przywi\u0105zujemy du\u017c\u0105 wag\u0119 do prywatno\u015bci. Nie b\u0119dziemy przekazywa\u0107 \u017cadnych Twoich danych osobowych stronom trzecim. W zwi\u0105zku z tym tylko Ty mo\u017cesz przegl\u0105da\u0107 swoje dane osobowe, kt\u00f3re przes\u0142a\u0142e\u015b. Zobowi\u0105zujesz si\u0119 do zachowania poufno\u015bci swojego has\u0142a, aby unikn\u0105\u0107 nieautoryzowanego dost\u0119pu os\u00f3b trzecich. Je\u015bli nie zachowasz poufno\u015bci swojego has\u0142a i nazwy u\u017cytkownika, osoba trzecia mo\u017ce \u0142atwo zmieni\u0107, skopiowa\u0107 lub usun\u0105\u0107 Twoje dane osobowe. Je\u015bli uwa\u017casz, \u017ce Twoje has\u0142o zosta\u0142o naruszone, zalecamy natychmiastow\u0105 zmian\u0119 has\u0142a i poinformowanie nas. Twoje konto jest niezbywalne. Mamy prawo zablokowa\u0107 Twoje konto, je\u015bli istnieje podejrzenie nadu\u017cycia konta lub has\u0142a.<\/p><\/div>\n\t\t\t\t<\/div>\n\t\t\t\t\t\t\t<div class=\"elementor-toggle-item\">\n\t\t\t\t\t<div id=\"elementor-tab-title-1596\" class=\"elementor-tab-title\" data-tab=\"6\" role=\"button\" aria-controls=\"elementor-tab-content-1596\" aria-expanded=\"false\">\n\t\t\t\t\t\t\t\t\t\t\t\t<span class=\"elementor-toggle-icon elementor-toggle-icon-right\" aria-hidden=\"true\">\n\t\t\t\t\t\t\t\t\t\t\t\t\t\t\t<span class=\"elementor-toggle-icon-closed\"><i class=\"las la-plus\"><\/i><\/span>\n\t\t\t\t\t\t\t\t<span class=\"elementor-toggle-icon-opened\"><i class=\"elementor-toggle-icon-opened  las la-minus\"><\/i><\/span>\n\t\t\t\t\t\t\t\t\t\t\t\t\t<\/span>\n\t\t\t\t\t\t\t\t\t\t\t\t<a class=\"elementor-toggle-title\" tabindex=\"0\">Jak wystawi\u0107 swoj\u0105 nieruchomo\u015b\u0107 na Zanzibar.App<\/a>\n\t\t\t\t\t<\/div>\n\n\t\t\t\t\t<div id=\"elementor-tab-content-1596\" class=\"elementor-tab-content elementor-clearfix\" data-tab=\"6\" role=\"region\" aria-labelledby=\"elementor-tab-title-1596\"><p><b>Pakiety:<\/b><\/p><p>\u00a0<\/p><p><strong>Bezp\u0142atny:<\/strong> Bezp\u0142atne og\u0142oszenie nie zawiera danych kontaktowych.<\/p><p>\u00a0<\/p><p><strong>Standard:<\/strong> Numer telefonu wy\u015bwietlany jest standardowo.<\/p><p>\u00a0<\/p><p><strong>Premia:<\/strong> Oferta premium zawiera numer telefonu, adres e-mail i link do Twojej strony internetowej. Dzi\u0119ki temu odwiedzaj\u0105cy trafiaj\u0105 bezpo\u015brednio na Twoj\u0105 stron\u0119. Mo\u017cliwe jest dodanie linku do filmu przes\u0142anego na YouTube. Dodatkowo, na jedn\u0105 rezerwacj\u0119 mo\u017cesz doda\u0107 dwa hotele.<\/p><p>\u00a0<\/p><p>Liczba wy\u015bwietle\u0144 ofert nie jest ograniczona \u2014 Tw\u00f3j hotel pozostaje widoczny 24 godziny na dob\u0119, 7 dni w tygodniu przez ca\u0142y okres obowi\u0105zywania rocznej oferty.<\/p><\/div>\n\t\t\t\t<\/div>\n\t\t\t\t\t\t\t\t<\/div>\n\t\t\t\t\t\t<\/div>\n\t\t\t\t<\/div>\n\t\t\t\t\t<\/div>\n\t\t<\/div>\n\t\t\t\t\t<\/div>\n\t\t<\/section>\n\t\t\t\t<\/div>","protected":false},"excerpt":{"rendered":"<p>FAQ&#8217;s Read the Zanzibar App FAQ&#8217;s to see the answers to popular questions. Frequently Asked Questions How do I register? Please choose the menu item &#8220;Login&#8221; on the home page in order to get to the registration form. Then you&#8217;ll have to fill in the form. As soon as you have completed the form you [&hellip;]<\/p>\n","protected":false},"author":1,"featured_media":0,"parent":0,"menu_order":0,"comment_status":"closed","ping_status":"closed","template":"","meta":{"footnotes":""},"class_list":["post-2622","page","type-page","status-publish","hentry"],"yoast_head":"<!-- This site is optimized with the Yoast SEO plugin v27.2 - https:\/\/yoast.com\/product\/yoast-seo-wordpress\/ -->\n<title>FAQ&#039;s - Zanzibar App: Zanzibar Tourism Travel Guide<\/title>\n<meta name=\"robots\" content=\"index, follow, max-snippet:-1, max-image-preview:large, max-video-preview:-1\" \/>\n<link rel=\"canonical\" href=\"https:\/\/zanzibar.app\/pl-pl\/faqs\/\" \/>\n<meta property=\"og:locale\" content=\"pl_PL\" \/>\n<meta property=\"og:type\" content=\"article\" \/>\n<meta property=\"og:title\" content=\"FAQ&#039;s - Zanzibar App: Zanzibar Tourism Travel Guide\" \/>\n<meta property=\"og:description\" content=\"FAQ&#8217;s Read the Zanzibar App FAQ&#8217;s to see the answers to popular questions. Frequently Asked Questions How do I register? Please choose the menu item &#8220;Login&#8221; on the home page in order to get to the registration form. Then you&#8217;ll have to fill in the form. As soon as you have completed the form you [&hellip;]\" \/>\n<meta property=\"og:url\" content=\"https:\/\/zanzibar.app\/pl-pl\/faqs\/\" \/>\n<meta property=\"og:site_name\" content=\"Zanzibar App: Zanzibar Tourism Travel Guide\" \/>\n<meta property=\"article:modified_time\" content=\"2026-01-27T10:59:51+00:00\" \/>\n<meta name=\"twitter:card\" content=\"summary_large_image\" \/>\n<meta name=\"twitter:label1\" content=\"Szacowany czas czytania\" \/>\n\t<meta name=\"twitter:data1\" content=\"2 minuty\" \/>\n<script type=\"application\/ld+json\" class=\"yoast-schema-graph\">{\"@context\":\"https:\/\/schema.org\",\"@graph\":[{\"@type\":\"WebPage\",\"@id\":\"https:\/\/zanzibar.app\/faqs\/\",\"url\":\"https:\/\/zanzibar.app\/faqs\/\",\"name\":\"FAQ's - Zanzibar App: Zanzibar Tourism Travel Guide\",\"isPartOf\":{\"@id\":\"https:\/\/zanzibar.app\/#website\"},\"datePublished\":\"2019-11-24T09:55:24+00:00\",\"dateModified\":\"2026-01-27T10:59:51+00:00\",\"breadcrumb\":{\"@id\":\"https:\/\/zanzibar.app\/faqs\/#breadcrumb\"},\"inLanguage\":\"pl-PL\",\"potentialAction\":[{\"@type\":\"ReadAction\",\"target\":[\"https:\/\/zanzibar.app\/faqs\/\"]}]},{\"@type\":\"BreadcrumbList\",\"@id\":\"https:\/\/zanzibar.app\/faqs\/#breadcrumb\",\"itemListElement\":[{\"@type\":\"ListItem\",\"position\":1,\"name\":\"Startseite\",\"item\":\"https:\/\/zanzibar.app\/\"},{\"@type\":\"ListItem\",\"position\":2,\"name\":\"FAQ&#8217;s\"}]},{\"@type\":\"WebSite\",\"@id\":\"https:\/\/zanzibar.app\/#website\",\"url\":\"https:\/\/zanzibar.app\/\",\"name\":\"Zanzibar App: Zanzibar Tourism Travel Guide\",\"description\":\"\",\"potentialAction\":[{\"@type\":\"SearchAction\",\"target\":{\"@type\":\"EntryPoint\",\"urlTemplate\":\"https:\/\/zanzibar.app\/?s={search_term_string}\"},\"query-input\":{\"@type\":\"PropertyValueSpecification\",\"valueRequired\":true,\"valueName\":\"search_term_string\"}}],\"inLanguage\":\"pl-PL\"}]}<\/script>\n<!-- \/ Yoast SEO plugin. -->","yoast_head_json":{"title":"Najcz\u0119\u015bciej zadawane pytania \u2013 aplikacja Zanzibar: przewodnik turystyczny po Zanzibarze","robots":{"index":"index","follow":"follow","max-snippet":"max-snippet:-1","max-image-preview":"max-image-preview:large","max-video-preview":"max-video-preview:-1"},"canonical":"https:\/\/zanzibar.app\/pl-pl\/faqs\/","og_locale":"pl_PL","og_type":"article","og_title":"FAQ's - Zanzibar App: Zanzibar Tourism Travel Guide","og_description":"FAQ&#8217;s Read the Zanzibar App FAQ&#8217;s to see the answers to popular questions. Frequently Asked Questions How do I register? Please choose the menu item &#8220;Login&#8221; on the home page in order to get to the registration form. Then you&#8217;ll have to fill in the form. As soon as you have completed the form you [&hellip;]","og_url":"https:\/\/zanzibar.app\/pl-pl\/faqs\/","og_site_name":"Zanzibar App: Zanzibar Tourism Travel Guide","article_modified_time":"2026-01-27T10:59:51+00:00","twitter_card":"summary_large_image","twitter_misc":{"Szacowany czas czytania":"2 minuty"},"schema":{"@context":"https:\/\/schema.org","@graph":[{"@type":"WebPage","@id":"https:\/\/zanzibar.app\/faqs\/","url":"https:\/\/zanzibar.app\/faqs\/","name":"Najcz\u0119\u015bciej zadawane pytania \u2013 aplikacja Zanzibar: przewodnik turystyczny po Zanzibarze","isPartOf":{"@id":"https:\/\/zanzibar.app\/#website"},"datePublished":"2019-11-24T09:55:24+00:00","dateModified":"2026-01-27T10:59:51+00:00","breadcrumb":{"@id":"https:\/\/zanzibar.app\/faqs\/#breadcrumb"},"inLanguage":"pl-PL","potentialAction":[{"@type":"ReadAction","target":["https:\/\/zanzibar.app\/faqs\/"]}]},{"@type":"BreadcrumbList","@id":"https:\/\/zanzibar.app\/faqs\/#breadcrumb","itemListElement":[{"@type":"ListItem","position":1,"name":"Startseite","item":"https:\/\/zanzibar.app\/"},{"@type":"ListItem","position":2,"name":"FAQ&#8217;s"}]},{"@type":"WebSite","@id":"https:\/\/zanzibar.app\/#website","url":"https:\/\/zanzibar.app\/","name":"Aplikacja Zanzibar: przewodnik turystyczny po Zanzibarze","description":"","potentialAction":[{"@type":"SearchAction","target":{"@type":"EntryPoint","urlTemplate":"https:\/\/zanzibar.app\/?s={search_term_string}"},"query-input":{"@type":"PropertyValueSpecification","valueRequired":true,"valueName":"search_term_string"}}],"inLanguage":"pl-PL"}]}},"_links":{"self":[{"href":"https:\/\/zanzibar.app\/pl-pl\/wp-json\/wp\/v2\/pages\/2622","targetHints":{"allow":["GET"]}}],"collection":[{"href":"https:\/\/zanzibar.app\/pl-pl\/wp-json\/wp\/v2\/pages"}],"about":[{"href":"https:\/\/zanzibar.app\/pl-pl\/wp-json\/wp\/v2\/types\/page"}],"author":[{"embeddable":true,"href":"https:\/\/zanzibar.app\/pl-pl\/wp-json\/wp\/v2\/users\/1"}],"replies":[{"embeddable":true,"href":"https:\/\/zanzibar.app\/pl-pl\/wp-json\/wp\/v2\/comments?post=2622"}],"version-history":[{"count":10,"href":"https:\/\/zanzibar.app\/pl-pl\/wp-json\/wp\/v2\/pages\/2622\/revisions"}],"predecessor-version":[{"id":6528,"href":"https:\/\/zanzibar.app\/pl-pl\/wp-json\/wp\/v2\/pages\/2622\/revisions\/6528"}],"wp:attachment":[{"href":"https:\/\/zanzibar.app\/pl-pl\/wp-json\/wp\/v2\/media?parent=2622"}],"curies":[{"name":"wp","href":"https:\/\/api.w.org\/{rel}","templated":true}]}}