{"id":2690,"date":"2019-11-30T10:02:12","date_gmt":"2019-11-30T10:02:12","guid":{"rendered":"https:\/\/wp-test.getgolo.com\/?page_id=2690"},"modified":"2023-03-27T18:17:33","modified_gmt":"2023-03-27T16:17:33","slug":"contact","status":"publish","type":"page","link":"https:\/\/zanzibar.app\/pl-pl\/contact\/","title":{"rendered":"Kontakt"},"content":{"rendered":"<div data-elementor-type=\"wp-page\" data-elementor-id=\"2690\" class=\"elementor elementor-2690\">\n\t\t\t\t\t\t<section class=\"elementor-section elementor-top-section elementor-element elementor-element-362a30e9 elementor-section-boxed elementor-section-gap-beside-yes elementor-section-height-default elementor-section-height-default elementor-section-column-vertical-align-stretch\" data-id=\"362a30e9\" data-element_type=\"section\" data-e-type=\"section\">\n\t\t\t\t\t\t<div class=\"elementor-container elementor-column-gap-extended\">\n\t\t\t\t\t<div class=\"elementor-column elementor-col-100 elementor-top-column elementor-element elementor-element-52e5f486\" data-id=\"52e5f486\" data-element_type=\"column\" data-e-type=\"column\">\n\t\t\t<div class=\"elementor-widget-wrap elementor-element-populated\">\n\t\t\t\t\t\t<div class=\"elementor-element elementor-element-57fdf486 elementor-widget elementor-widget-text-editor\" data-id=\"57fdf486\" data-element_type=\"widget\" data-e-type=\"widget\" data-widget_type=\"text-editor.default\">\n\t\t\t\t<div class=\"elementor-widget-container\">\n\t\t\t\t\t\t\t\t\t<h2>Skontaktuj si\u0119 z nami<\/h2><p>Chcemy us\u0142ysze\u0107 od ciebie.<\/p><h2><span style=\"letter-spacing: inherit;\">\u00a0<\/span><\/h2><h2><span style=\"letter-spacing: inherit;\">Skontaktuj si\u0119 z nami<\/span><\/h2><div>WhatsApp: +255 765 064 587<\/div><div>\u00a0<\/div><div>E-mail: support@zanzibar.app<\/div>\t\t\t\t\t\t\t\t<\/div>\n\t\t\t\t<\/div>\n\t\t\t\t\t<\/div>\n\t\t<\/div>\n\t\t\t\t\t<\/div>\n\t\t<\/section>\n\t\t\t\t<\/div>","protected":false},"excerpt":{"rendered":"<p>Skontaktuj si\u0119 z nami Chcemy us\u0142ysze\u0107 od ciebie. Skontaktuj si\u0119 z nami WhatsApp: +255 765 064 587 E-mail: support@zanzibar.app<\/p>","protected":false},"author":1,"featured_media":0,"parent":0,"menu_order":0,"comment_status":"closed","ping_status":"closed","template":"","meta":{"footnotes":""},"class_list":["post-2690","page","type-page","status-publish","hentry"],"yoast_head":"<!-- This site is optimized with the Yoast SEO plugin v27.2 - https:\/\/yoast.com\/product\/yoast-seo-wordpress\/ -->\n<title>Contact - Zanzibar App: Zanzibar Tourism Travel Guide<\/title>\n<meta name=\"robots\" content=\"index, follow, max-snippet:-1, max-image-preview:large, max-video-preview:-1\" \/>\n<link rel=\"canonical\" href=\"https:\/\/zanzibar.app\/pl-pl\/contact\/\" \/>\n<meta property=\"og:locale\" content=\"pl_PL\" \/>\n<meta property=\"og:type\" content=\"article\" \/>\n<meta property=\"og:title\" content=\"Contact - Zanzibar App: Zanzibar Tourism Travel Guide\" \/>\n<meta property=\"og:description\" content=\"Contact Us We want to hear from you. \u00a0 Get in touch with us WhatsApp: +255 765 064 587\u00a0Email: support@zanzibar.app\" \/>\n<meta property=\"og:url\" content=\"https:\/\/zanzibar.app\/pl-pl\/contact\/\" \/>\n<meta property=\"og:site_name\" content=\"Zanzibar App: Zanzibar Tourism Travel Guide\" \/>\n<meta property=\"article:modified_time\" content=\"2023-03-27T16:17:33+00:00\" \/>\n<meta name=\"twitter:card\" content=\"summary_large_image\" \/>\n<meta name=\"twitter:label1\" content=\"Szacowany czas czytania\" \/>\n\t<meta name=\"twitter:data1\" content=\"1 minuta\" \/>\n<script type=\"application\/ld+json\" class=\"yoast-schema-graph\">{\"@context\":\"https:\/\/schema.org\",\"@graph\":[{\"@type\":\"WebPage\",\"@id\":\"https:\/\/zanzibar.app\/contact\/\",\"url\":\"https:\/\/zanzibar.app\/contact\/\",\"name\":\"Contact - Zanzibar App: Zanzibar Tourism Travel Guide\",\"isPartOf\":{\"@id\":\"https:\/\/zanzibar.app\/#website\"},\"datePublished\":\"2019-11-30T10:02:12+00:00\",\"dateModified\":\"2023-03-27T16:17:33+00:00\",\"breadcrumb\":{\"@id\":\"https:\/\/zanzibar.app\/contact\/#breadcrumb\"},\"inLanguage\":\"pl-PL\",\"potentialAction\":[{\"@type\":\"ReadAction\",\"target\":[\"https:\/\/zanzibar.app\/contact\/\"]}]},{\"@type\":\"BreadcrumbList\",\"@id\":\"https:\/\/zanzibar.app\/contact\/#breadcrumb\",\"itemListElement\":[{\"@type\":\"ListItem\",\"position\":1,\"name\":\"Startseite\",\"item\":\"https:\/\/zanzibar.app\/\"},{\"@type\":\"ListItem\",\"position\":2,\"name\":\"Contact\"}]},{\"@type\":\"WebSite\",\"@id\":\"https:\/\/zanzibar.app\/#website\",\"url\":\"https:\/\/zanzibar.app\/\",\"name\":\"Zanzibar App: Zanzibar Tourism Travel Guide\",\"description\":\"\",\"potentialAction\":[{\"@type\":\"SearchAction\",\"target\":{\"@type\":\"EntryPoint\",\"urlTemplate\":\"https:\/\/zanzibar.app\/?s={search_term_string}\"},\"query-input\":{\"@type\":\"PropertyValueSpecification\",\"valueRequired\":true,\"valueName\":\"search_term_string\"}}],\"inLanguage\":\"pl-PL\"}]}<\/script>\n<!-- \/ Yoast SEO plugin. -->","yoast_head_json":{"title":"Kontakt - Aplikacja Zanzibar: Przewodnik turystyczny po Zanzibarze","robots":{"index":"index","follow":"follow","max-snippet":"max-snippet:-1","max-image-preview":"max-image-preview:large","max-video-preview":"max-video-preview:-1"},"canonical":"https:\/\/zanzibar.app\/pl-pl\/contact\/","og_locale":"pl_PL","og_type":"article","og_title":"Contact - Zanzibar App: Zanzibar Tourism Travel Guide","og_description":"Contact Us We want to hear from you. \u00a0 Get in touch with us WhatsApp: +255 765 064 587\u00a0Email: support@zanzibar.app","og_url":"https:\/\/zanzibar.app\/pl-pl\/contact\/","og_site_name":"Zanzibar App: Zanzibar Tourism Travel Guide","article_modified_time":"2023-03-27T16:17:33+00:00","twitter_card":"summary_large_image","twitter_misc":{"Szacowany czas czytania":"1 minuta"},"schema":{"@context":"https:\/\/schema.org","@graph":[{"@type":"WebPage","@id":"https:\/\/zanzibar.app\/contact\/","url":"https:\/\/zanzibar.app\/contact\/","name":"Kontakt - Aplikacja Zanzibar: Przewodnik turystyczny po Zanzibarze","isPartOf":{"@id":"https:\/\/zanzibar.app\/#website"},"datePublished":"2019-11-30T10:02:12+00:00","dateModified":"2023-03-27T16:17:33+00:00","breadcrumb":{"@id":"https:\/\/zanzibar.app\/contact\/#breadcrumb"},"inLanguage":"pl-PL","potentialAction":[{"@type":"ReadAction","target":["https:\/\/zanzibar.app\/contact\/"]}]},{"@type":"BreadcrumbList","@id":"https:\/\/zanzibar.app\/contact\/#breadcrumb","itemListElement":[{"@type":"ListItem","position":1,"name":"Startseite","item":"https:\/\/zanzibar.app\/"},{"@type":"ListItem","position":2,"name":"Contact"}]},{"@type":"WebSite","@id":"https:\/\/zanzibar.app\/#website","url":"https:\/\/zanzibar.app\/","name":"Aplikacja Zanzibar: przewodnik turystyczny po Zanzibarze","description":"","potentialAction":[{"@type":"SearchAction","target":{"@type":"EntryPoint","urlTemplate":"https:\/\/zanzibar.app\/?s={search_term_string}"},"query-input":{"@type":"PropertyValueSpecification","valueRequired":true,"valueName":"search_term_string"}}],"inLanguage":"pl-PL"}]}},"_links":{"self":[{"href":"https:\/\/zanzibar.app\/pl-pl\/wp-json\/wp\/v2\/pages\/2690","targetHints":{"allow":["GET"]}}],"collection":[{"href":"https:\/\/zanzibar.app\/pl-pl\/wp-json\/wp\/v2\/pages"}],"about":[{"href":"https:\/\/zanzibar.app\/pl-pl\/wp-json\/wp\/v2\/types\/page"}],"author":[{"embeddable":true,"href":"https:\/\/zanzibar.app\/pl-pl\/wp-json\/wp\/v2\/users\/1"}],"replies":[{"embeddable":true,"href":"https:\/\/zanzibar.app\/pl-pl\/wp-json\/wp\/v2\/comments?post=2690"}],"version-history":[{"count":6,"href":"https:\/\/zanzibar.app\/pl-pl\/wp-json\/wp\/v2\/pages\/2690\/revisions"}],"predecessor-version":[{"id":5487,"href":"https:\/\/zanzibar.app\/pl-pl\/wp-json\/wp\/v2\/pages\/2690\/revisions\/5487"}],"wp:attachment":[{"href":"https:\/\/zanzibar.app\/pl-pl\/wp-json\/wp\/v2\/media?parent=2690"}],"curies":[{"name":"wp","href":"https:\/\/api.w.org\/{rel}","templated":true}]}}