{"id":3926,"date":"2019-09-02T10:02:29","date_gmt":"2019-09-02T08:02:29","guid":{"rendered":"https:\/\/wp-test.getgolo.com\/?page_id=3"},"modified":"2025-03-20T12:22:54","modified_gmt":"2025-03-20T11:22:54","slug":"privacy-policy","status":"publish","type":"page","link":"https:\/\/zanzibar.app\/pl-pl\/privacy-policy\/","title":{"rendered":"Polityka prywatno\u015bci"},"content":{"rendered":"<div data-elementor-type=\"wp-page\" data-elementor-id=\"3926\" class=\"elementor elementor-3926\">\n\t\t\t\t\t\t<section class=\"elementor-section elementor-top-section elementor-element elementor-element-4ec4d738 elementor-section-boxed elementor-section-gap-beside-yes elementor-section-height-default elementor-section-height-default elementor-section-column-vertical-align-stretch\" data-id=\"4ec4d738\" data-element_type=\"section\" data-e-type=\"section\">\n\t\t\t\t\t\t<div class=\"elementor-container elementor-column-gap-extended\">\n\t\t\t\t\t<div class=\"elementor-column elementor-col-100 elementor-top-column elementor-element elementor-element-74fb24b0\" data-id=\"74fb24b0\" data-element_type=\"column\" data-e-type=\"column\">\n\t\t\t<div class=\"elementor-widget-wrap elementor-element-populated\">\n\t\t\t\t\t\t<div class=\"elementor-element elementor-element-2a95b0f8 elementor-widget elementor-widget-text-editor\" data-id=\"2a95b0f8\" data-element_type=\"widget\" data-e-type=\"widget\" data-widget_type=\"text-editor.default\">\n\t\t\t\t<div class=\"elementor-widget-container\">\n\t\t\t\t\t\t\t\t\t<h2>Polityka prywatno\u015bci dla Zanzibar.app<\/h2><p>Data wej\u015bcia w \u017cycie: 20.03.2025<\/p><p>\u00a0<\/p><h3>1. Wprowadzenie<\/h3><p>Witamy w Zanzibar.app, aplikacji zaprojektowanej, aby pom\u00f3c Ci odkrywa\u0107 i planowa\u0107 Twoje do\u015bwiadczenia podr\u00f3\u017cnicze. Twoja prywatno\u015b\u0107 jest dla nas niezwykle wa\u017cna i jeste\u015bmy zobowi\u0105zani do ochrony Twoich danych osobowych. Niniejsza Polityka prywatno\u015bci wyja\u015bnia, w jaki spos\u00f3b zbieramy, wykorzystujemy, ujawniamy i chronimy Twoje informacje, gdy korzystasz z naszej aplikacji, a tak\u017ce okre\u015bla Twoje prawa w odniesieniu do Twoich danych osobowych.<\/p><p>Przeczytaj uwa\u017cnie t\u0119 Polityk\u0119 prywatno\u015bci, aby zrozumie\u0107, w jaki spos\u00f3b Twoje dane s\u0105 przetwarzane podczas korzystania z naszej aplikacji i powi\u0105zanych us\u0142ug. Je\u015bli masz jakiekolwiek pytania lub w\u0105tpliwo\u015bci dotycz\u0105ce tej polityki, skontaktuj si\u0119 z nami.<\/p><p>\u00a0<\/p><h3>2. Zakres niniejszej Polityki<\/h3><p>Niniejsza Polityka prywatno\u015bci dotyczy aplikacji mobilnej Zanzibar. app oraz wszelkich powi\u0105zanych us\u0142ug lub funkcji, kt\u00f3re oferujemy. Obejmuje ona r\u00f3wnie\u017c us\u0142ugi stron trzecich zintegrowane z aplikacj\u0105, takie jak bramki p\u0142atnicze, narz\u0119dzia analityczne (w tym Google Analytics) i inne. Jednak niniejsza polityka nie dotyczy aplikacji, witryn ani us\u0142ug stron trzecich, kt\u00f3re mog\u0105 by\u0107 po\u0142\u0105czone w naszej aplikacji i kt\u00f3re maj\u0105 w\u0142asne praktyki dotycz\u0105ce prywatno\u015bci.<\/p><p>\u00a0<\/p><h3>3. Dane, kt\u00f3re zbieramy<\/h3><p>Gromadzimy nast\u0119puj\u0105ce rodzaje danych, gdy korzystasz z naszej aplikacji:<\/p><p><br \/>\u2022 Informacje osobiste: Kiedy tworzysz konto, mo\u017cemy zbiera\u0107 dane osobowe, takie jak imi\u0119 i nazwisko oraz adres e-mail.<\/p><p><br \/>\u2022 Przybli\u017cone dane o lokalizacji: Mo\u017cemy zbiera\u0107 Twoje przybli\u017cone dane o lokalizacji, aby dostarcza\u0107 spersonalizowane rekomendacje i istotne informacje o podr\u00f3\u017cy na podstawie Twojego miejsca pobytu. Mo\u017cesz zarz\u0105dza\u0107 t\u0105 funkcj\u0105 za pomoc\u0105 ustawie\u0144 swojego urz\u0105dzenia.<\/p><p><br \/>\u2022 Informacje o aplikacji i dane o wydajno\u015bci: Gromadzimy dzienniki awarii, diagnostyk\u0119 i dane o wydajno\u015bci aplikacji, aby monitorowa\u0107 i poprawia\u0107 stabilno\u015b\u0107 i funkcjonalno\u015b\u0107 aplikacji. Pomaga nam to szybko identyfikowa\u0107 i rozwi\u0105zywa\u0107 b\u0142\u0119dy i problemy z wydajno\u015bci\u0105.<\/p><p><br \/>\u2022 Aktywno\u015b\u0107 w aplikacji: Dane dotycz\u0105ce aktywno\u015bci w aplikacji s\u0105 zbierane w celu analizy interakcji u\u017cytkownik\u00f3w z nasz\u0105 aplikacj\u0105. Obejmuje to \u015bledzenie u\u017cywanych funkcji, zachowa\u0144 przegl\u0105dania i innych dzia\u0142a\u0144 w aplikacji, aby pom\u00f3c nam ulepszy\u0107 u\u017cyteczno\u015b\u0107 i funkcjonalno\u015b\u0107 aplikacji.<\/p><p><br \/>\u2022 Identyfikatory urz\u0105dze\u0144 lub inne: Gromadzimy identyfikatory urz\u0105dze\u0144 (takie jak identyfikator urz\u0105dzenia lub inne unikalne identyfikatory), aby \u015bledzi\u0107 korzystanie z aplikacji, zarz\u0105dza\u0107 wydajno\u015bci\u0105 i dostarcza\u0107 odpowiednie tre\u015bci lub powiadomienia. Pomaga nam to ulepszy\u0107 Twoje do\u015bwiadczenia poprzez dostosowywanie funkcji aplikacji na podstawie urz\u0105dzenia.<\/p><p>\u00a0<\/p><h4>4. Dlaczego zbieramy dane<\/h4><p>Gromadzimy Twoje dane w nast\u0119puj\u0105cych celach:<\/p><p>Aby zapewni\u0107 spersonalizowane rekomendacje dotycz\u0105ce podr\u00f3\u017cy, np. przewodniki turystyczne oparte na lokalizacji.<br \/>Aby poprawi\u0107 funkcjonalno\u015b\u0107 i wydajno\u015b\u0107 aplikacji.<br \/>Aby przetwarza\u0107 Twoje konto i zarz\u0105dza\u0107 Twoimi preferencjami.<br \/>Aby wype\u0142ni\u0107 obowi\u0105zki prawne.<br \/>Aby ulepszy\u0107 do\u015bwiadczenia u\u017cytkownik\u00f3w i zapewni\u0107 obs\u0142ug\u0119 klienta.<\/p><p><br \/>Gromadzimy tylko te dane, kt\u00f3re s\u0105 niezb\u0119dne do prawid\u0142owego dzia\u0142ania aplikacji i zapewnienia u\u017cytkownikom jak najlepszych wra\u017ce\u0144.<\/p><p>\u00a0<\/p><h3>5. Jak wykorzystujemy Twoje dane<\/h3><p>Twoje dane s\u0105 wykorzystywane w nast\u0119puj\u0105cy spos\u00f3b:<\/p><p>Personalizacja: U\u017cywamy przybli\u017conych danych o lokalizacji i aktywno\u015bci w aplikacji, aby oferowa\u0107 dostosowane do potrzeb do\u015bwiadczenia podr\u00f3\u017cnicze i rekomendacje.<br \/>Ulepszenia aplikacji: Analizujemy wydajno\u015b\u0107 aplikacji i zachowania u\u017cytkownik\u00f3w, aby udoskonala\u0107 nasze funkcje.<br \/>Komunikacja: Mo\u017cemy wysy\u0142a\u0107 Ci powiadomienia dotycz\u0105ce aktualizacji, promocji lub wa\u017cnych informacji na temat aplikacji.<br \/>Analityka: Mo\u017cemy u\u017cywa\u0107 danych do przeprowadzania analiz i mierzenia wydajno\u015bci aplikacji. Obejmuje to korzystanie z us\u0142ug analitycznych stron trzecich, takich jak Google Analytics, kt\u00f3re pomagaj\u0105 nam zrozumie\u0107, w jaki spos\u00f3b u\u017cytkownicy wchodz\u0105 w interakcj\u0119 z aplikacj\u0105 i poprawiaj\u0105 jej funkcjonalno\u015b\u0107.<\/p><h3>\u00a0<\/h3><h3>6.Analityka Google<\/h3><p>U\u017cywamy Google Analytics, us\u0142ugi \u015bwiadczonej przez Google, aby \u015bledzi\u0107 i analizowa\u0107 interakcje u\u017cytkownik\u00f3w z nasz\u0105 aplikacj\u0105. Google Analytics zbiera informacje, takie jak odwiedzane strony, u\u017cywane urz\u0105dzenie i inne dzia\u0142ania w aplikacji. Te dane pomagaj\u0105 nam ulepszy\u0107 wydajno\u015b\u0107 i funkcjonalno\u015b\u0107 aplikacji.<\/p><p>Google Analytics zbiera dane za po\u015brednictwem plik\u00f3w cookie, identyfikator\u00f3w urz\u0105dze\u0144 i innych technologii \u015bledzenia. Aby uzyska\u0107 wi\u0119cej informacji o tym, jak Google Analytics zbiera i przetwarza dane, zapoznaj si\u0119 z Polityk\u0105 prywatno\u015bci Google.<\/p><p>Mo\u017cesz zrezygnowa\u0107 z us\u0142ugi Google Analytics, korzystaj\u0105c z dodatku do przegl\u0105darki Google Analytics Opt-Out Browser Add-On.<\/p><p>\u00a0<\/p><h3>7. Udost\u0119pnianie i ujawnianie danych<\/h3><p>Mo\u017cemy udost\u0119pnia\u0107 Twoje dane w nast\u0119puj\u0105cych okoliczno\u015bciach:<\/p><p>Dostawcom us\u0142ug: Udost\u0119pniamy dane zewn\u0119trznym dostawcom, takim jak platformy analityczne i podmioty przetwarzaj\u0105ce p\u0142atno\u015bci, kt\u00f3re pomagaj\u0105 nam dostarcza\u0107 funkcje i us\u0142ugi aplikacji.<br \/>Uprawnionym podmiotom prawnym: Mo\u017cemy ujawni\u0107 Twoje dane, je\u017celi wymaga tego prawo lub je\u017celi jest to konieczne do ochrony naszych praw, bezpiecze\u0144stwa lub praw innych os\u00f3b.<br \/>Zagregowane, nieidentyfikowalne dane: Mo\u017cemy udost\u0119pnia\u0107 zagregowane lub zanonimizowane dane, kt\u00f3re nie pozwalaj\u0105 na Twoj\u0105 identyfikacj\u0119, w celach badawczych lub analitycznych.<br \/>Nie b\u0119dziemy udost\u0119pnia\u0107 ani sprzedawa\u0107 Twoich danych osobowych osobom trzecim w celach marketingowych.<\/p><p>\u00a0<\/p><h3>8. Przechowywanie danych<\/h3><p>B\u0119dziemy przechowywa\u0107 Twoje dane osobowe tylko tak d\u0142ugo, jak b\u0119dzie to konieczne do realizacji cel\u00f3w okre\u015blonych w niniejszej polityce. Je\u015bli zdecydujesz si\u0119 usun\u0105\u0107 swoje konto, usuniemy Twoje dane osobowe w rozs\u0105dnym terminie, z wyj\u0105tkiem sytuacji, gdy przechowywanie jest wymagane ze wzgl\u0119d\u00f3w prawnych lub regulacyjnych.<\/p><p>\u00a0<\/p><h3>9. Bezpiecze\u0144stwo danych<\/h3><p>Podchodzimy powa\u017cnie do kwestii bezpiecze\u0144stwa Twoich danych. Stosujemy r\u00f3\u017cne \u015brodki techniczne i organizacyjne, aby chroni\u0107 Twoje informacje, w tym:<\/p><p>Szyfrowanie: U\u017cywamy szyfrowania w celu ochrony poufnych danych przesy\u0142anych przez Internet.<br \/>Kontrola dost\u0119pu: Dost\u0119p do Twoich danych jest ograniczony wy\u0142\u0105cznie do upowa\u017cnionego personelu.<br \/>Regularne audyty bezpiecze\u0144stwa: Przeprowadzamy rutynowe kontrole, aby mie\u0107 pewno\u015b\u0107, \u017ce nasze \u015brodki bezpiecze\u0144stwa s\u0105 skuteczne.<br \/>Cho\u0107 podejmujemy wszelkie mo\u017cliwe kroki, aby zabezpieczy\u0107 Twoje dane, \u017caden system bezpiecze\u0144stwa nie jest ca\u0142kowicie niezawodny, dlatego nie mo\u017cemy zagwarantowa\u0107 absolutnego bezpiecze\u0144stwa.<\/p><p>\u00a0<\/p><h3>10. Twoje prawa i wybory (zgodno\u015b\u0107 z RODO)<\/h3><p>Zgodnie z Og\u00f3lnym rozporz\u0105dzeniem o ochronie danych (RODO), je\u017celi znajdujesz si\u0119 na terenie Unii Europejskiej lub Europejskiego Obszaru Gospodarczego, przys\u0142uguj\u0105 Ci nast\u0119puj\u0105ce prawa dotycz\u0105ce Twoich danych osobowych:<\/p><p>Dost\u0119p: Mo\u017cesz za\u017c\u0105da\u0107 kopii danych, kt\u00f3re o Tobie przechowujemy.<br \/>Poprawka: Mo\u017cesz aktualizowa\u0107 lub poprawia\u0107 swoje dane osobowe.<br \/>Usuni\u0119cie: Mo\u017cesz za\u017c\u0105da\u0107 od nas usuni\u0119cia Twoich danych osobowych, z zastrze\u017ceniem pewnych wyj\u0105tk\u00f3w prawnych.<br \/>Przenoszenie: Mo\u017cesz poprosi\u0107 o otrzymanie swoich danych w ustrukturyzowanym, powszechnie u\u017cywanym formacie nadaj\u0105cym si\u0119 do odczytu maszynowego.<br \/>Cofni\u0119cie zgody: Mo\u017cesz cofn\u0105\u0107 zgod\u0119 na zbieranie danych w dowolnym momencie, zmieniaj\u0105c ustawienia aplikacji lub kontaktuj\u0105c si\u0119 z nami.<br \/>Aby skorzysta\u0107 z kt\u00f3regokolwiek ze swoich praw wynikaj\u0105cych z RODO, skontaktuj si\u0119 z nami, korzystaj\u0105c z danych kontaktowych podanych poni\u017cej.<\/p><p>\u00a0<\/p><h3>11. Pliki cookie i \u015bledzenie<\/h3><p>Mo\u017cemy u\u017cywa\u0107 plik\u00f3w cookie lub podobnych technologii \u015bledzenia, aby zbiera\u0107 dane o korzystaniu z aplikacji. Te narz\u0119dzia pomagaj\u0105 nam ulepsza\u0107 Twoje do\u015bwiadczenia, zapami\u0119tuj\u0105c preferencje lub analizuj\u0105c trendy. Mo\u017cesz zarz\u0105dza\u0107 plikami cookie lub je wy\u0142\u0105cza\u0107 za pomoc\u0105 ustawie\u0144 urz\u0105dzenia.<\/p><p>\u00a0<\/p><h3>12. Mi\u0119dzynarodowy transfer danych<\/h3><p>Twoje dane mog\u0105 by\u0107 przekazywane i przetwarzane w krajach spoza Twojej jurysdykcji, w tym w krajach, kt\u00f3re mog\u0105 nie mie\u0107 takich samych przepis\u00f3w o ochronie danych jak Twoje. Podejmujemy odpowiednie \u015brodki w celu ochrony Twoich danych podczas transfer\u00f3w mi\u0119dzynarodowych, na przyk\u0142ad poprzez stosowanie klauzul umownych lub innych zabezpiecze\u0144.<\/p><p>\u00a0<\/p><h3>13. Wymagania wiekowe<\/h3><p>Nasza aplikacja nie jest przeznaczona dla dzieci poni\u017cej 18 roku \u017cycia i nie zbieramy \u015bwiadomie danych osobowych dzieci. Je\u015bli dowiemy si\u0119, \u017ce nieumy\u015blnie zebrali\u015bmy dane od dziecka, podejmiemy kroki w celu usuni\u0119cia tych danych.<\/p><p>\u00a0<\/p><h3>14. Zmiany w niniejszej Polityce<\/h3><p>Mo\u017cemy od czasu do czasu aktualizowa\u0107 t\u0119 Polityk\u0119 prywatno\u015bci, aby odzwierciedli\u0107 zmiany w naszych praktykach lub wymogach prawnych. Powiadomimy Ci\u0119 o istotnych zmianach za po\u015brednictwem aplikacji lub poczty e-mail. Sprawd\u017a t\u0119 stron\u0119 okresowo pod k\u0105tem aktualizacji.<\/p><p>\u00a0<\/p><h3>15. Skontaktuj si\u0119 z nami<\/h3><p>Je\u015bli masz jakiekolwiek pytania lub w\u0105tpliwo\u015bci dotycz\u0105ce niniejszej Polityki prywatno\u015bci lub naszych praktyk dotycz\u0105cych danych, skontaktuj si\u0119 z nami pod adresem:<\/p><p>E-mail: support @ zanzibar.app<\/p><p>\u00a0<\/p><p>Korzystaj\u0105c z naszej aplikacji, wyra\u017casz zgod\u0119 na zbieranie i wykorzystywanie informacji zgodnie z niniejsz\u0105 Polityk\u0105 prywatno\u015bci.<\/p>\t\t\t\t\t\t\t\t<\/div>\n\t\t\t\t<\/div>\n\t\t\t\t\t<\/div>\n\t\t<\/div>\n\t\t\t\t\t<\/div>\n\t\t<\/section>\n\t\t\t\t<\/div>","protected":false},"excerpt":{"rendered":"<p>Privacy Policy for Zanzibar.app Effective Date: 20.03.2025 \u00a0 1. Introduction Welcome to Zanzibar.app, an app designed to help you discover and plan your travel experiences. Your privacy is extremely important to us, and we are committed to protecting your personal data. This Privacy Policy explains how we collect, use, disclose, and safeguard your information when [&hellip;]<\/p>\n","protected":false},"author":1,"featured_media":0,"parent":0,"menu_order":0,"comment_status":"closed","ping_status":"closed","template":"","meta":{"footnotes":""},"class_list":["post-3926","page","type-page","status-publish","hentry"],"yoast_head":"<!-- This site is optimized with the Yoast SEO plugin v27.2 - https:\/\/yoast.com\/product\/yoast-seo-wordpress\/ -->\n<title>Privacy Policy - Zanzibar App: Zanzibar Tourism Travel Guide<\/title>\n<meta name=\"robots\" content=\"index, follow, max-snippet:-1, max-image-preview:large, max-video-preview:-1\" \/>\n<link rel=\"canonical\" href=\"https:\/\/zanzibar.app\/pl-pl\/privacy-policy\/\" \/>\n<meta property=\"og:locale\" content=\"pl_PL\" \/>\n<meta property=\"og:type\" content=\"article\" \/>\n<meta property=\"og:title\" content=\"Privacy Policy - Zanzibar App: Zanzibar Tourism Travel Guide\" \/>\n<meta property=\"og:description\" content=\"Privacy Policy for Zanzibar.app Effective Date: 20.03.2025 \u00a0 1. Introduction Welcome to Zanzibar.app, an app designed to help you discover and plan your travel experiences. Your privacy is extremely important to us, and we are committed to protecting your personal data. This Privacy Policy explains how we collect, use, disclose, and safeguard your information when [&hellip;]\" \/>\n<meta property=\"og:url\" content=\"https:\/\/zanzibar.app\/pl-pl\/privacy-policy\/\" \/>\n<meta property=\"og:site_name\" content=\"Zanzibar App: Zanzibar Tourism Travel Guide\" \/>\n<meta property=\"article:modified_time\" content=\"2025-03-20T11:22:54+00:00\" \/>\n<meta name=\"twitter:card\" content=\"summary_large_image\" \/>\n<meta name=\"twitter:label1\" content=\"Szacowany czas czytania\" \/>\n\t<meta name=\"twitter:data1\" content=\"6 minut\" \/>\n<script type=\"application\/ld+json\" class=\"yoast-schema-graph\">{\"@context\":\"https:\/\/schema.org\",\"@graph\":[{\"@type\":\"WebPage\",\"@id\":\"https:\/\/zanzibar.app\/privacy-policy\/\",\"url\":\"https:\/\/zanzibar.app\/privacy-policy\/\",\"name\":\"Privacy Policy - Zanzibar App: Zanzibar Tourism Travel Guide\",\"isPartOf\":{\"@id\":\"https:\/\/zanzibar.app\/#website\"},\"datePublished\":\"2019-09-02T08:02:29+00:00\",\"dateModified\":\"2025-03-20T11:22:54+00:00\",\"breadcrumb\":{\"@id\":\"https:\/\/zanzibar.app\/privacy-policy\/#breadcrumb\"},\"inLanguage\":\"pl-PL\",\"potentialAction\":[{\"@type\":\"ReadAction\",\"target\":[\"https:\/\/zanzibar.app\/privacy-policy\/\"]}]},{\"@type\":\"BreadcrumbList\",\"@id\":\"https:\/\/zanzibar.app\/privacy-policy\/#breadcrumb\",\"itemListElement\":[{\"@type\":\"ListItem\",\"position\":1,\"name\":\"Startseite\",\"item\":\"https:\/\/zanzibar.app\/\"},{\"@type\":\"ListItem\",\"position\":2,\"name\":\"Privacy Policy\"}]},{\"@type\":\"WebSite\",\"@id\":\"https:\/\/zanzibar.app\/#website\",\"url\":\"https:\/\/zanzibar.app\/\",\"name\":\"Zanzibar App: Zanzibar Tourism Travel Guide\",\"description\":\"\",\"potentialAction\":[{\"@type\":\"SearchAction\",\"target\":{\"@type\":\"EntryPoint\",\"urlTemplate\":\"https:\/\/zanzibar.app\/?s={search_term_string}\"},\"query-input\":{\"@type\":\"PropertyValueSpecification\",\"valueRequired\":true,\"valueName\":\"search_term_string\"}}],\"inLanguage\":\"pl-PL\"}]}<\/script>\n<!-- \/ Yoast SEO plugin. -->","yoast_head_json":{"title":"Polityka prywatno\u015bci \u2013 aplikacja Zanzibar: przewodnik turystyczny po Zanzibarze","robots":{"index":"index","follow":"follow","max-snippet":"max-snippet:-1","max-image-preview":"max-image-preview:large","max-video-preview":"max-video-preview:-1"},"canonical":"https:\/\/zanzibar.app\/pl-pl\/privacy-policy\/","og_locale":"pl_PL","og_type":"article","og_title":"Privacy Policy - Zanzibar App: Zanzibar Tourism Travel Guide","og_description":"Privacy Policy for Zanzibar.app Effective Date: 20.03.2025 \u00a0 1. Introduction Welcome to Zanzibar.app, an app designed to help you discover and plan your travel experiences. Your privacy is extremely important to us, and we are committed to protecting your personal data. This Privacy Policy explains how we collect, use, disclose, and safeguard your information when [&hellip;]","og_url":"https:\/\/zanzibar.app\/pl-pl\/privacy-policy\/","og_site_name":"Zanzibar App: Zanzibar Tourism Travel Guide","article_modified_time":"2025-03-20T11:22:54+00:00","twitter_card":"summary_large_image","twitter_misc":{"Szacowany czas czytania":"6 minut"},"schema":{"@context":"https:\/\/schema.org","@graph":[{"@type":"WebPage","@id":"https:\/\/zanzibar.app\/privacy-policy\/","url":"https:\/\/zanzibar.app\/privacy-policy\/","name":"Polityka prywatno\u015bci \u2013 aplikacja Zanzibar: przewodnik turystyczny po Zanzibarze","isPartOf":{"@id":"https:\/\/zanzibar.app\/#website"},"datePublished":"2019-09-02T08:02:29+00:00","dateModified":"2025-03-20T11:22:54+00:00","breadcrumb":{"@id":"https:\/\/zanzibar.app\/privacy-policy\/#breadcrumb"},"inLanguage":"pl-PL","potentialAction":[{"@type":"ReadAction","target":["https:\/\/zanzibar.app\/privacy-policy\/"]}]},{"@type":"BreadcrumbList","@id":"https:\/\/zanzibar.app\/privacy-policy\/#breadcrumb","itemListElement":[{"@type":"ListItem","position":1,"name":"Startseite","item":"https:\/\/zanzibar.app\/"},{"@type":"ListItem","position":2,"name":"Privacy Policy"}]},{"@type":"WebSite","@id":"https:\/\/zanzibar.app\/#website","url":"https:\/\/zanzibar.app\/","name":"Aplikacja Zanzibar: przewodnik turystyczny po Zanzibarze","description":"","potentialAction":[{"@type":"SearchAction","target":{"@type":"EntryPoint","urlTemplate":"https:\/\/zanzibar.app\/?s={search_term_string}"},"query-input":{"@type":"PropertyValueSpecification","valueRequired":true,"valueName":"search_term_string"}}],"inLanguage":"pl-PL"}]}},"_links":{"self":[{"href":"https:\/\/zanzibar.app\/pl-pl\/wp-json\/wp\/v2\/pages\/3926","targetHints":{"allow":["GET"]}}],"collection":[{"href":"https:\/\/zanzibar.app\/pl-pl\/wp-json\/wp\/v2\/pages"}],"about":[{"href":"https:\/\/zanzibar.app\/pl-pl\/wp-json\/wp\/v2\/types\/page"}],"author":[{"embeddable":true,"href":"https:\/\/zanzibar.app\/pl-pl\/wp-json\/wp\/v2\/users\/1"}],"replies":[{"embeddable":true,"href":"https:\/\/zanzibar.app\/pl-pl\/wp-json\/wp\/v2\/comments?post=3926"}],"version-history":[{"count":10,"href":"https:\/\/zanzibar.app\/pl-pl\/wp-json\/wp\/v2\/pages\/3926\/revisions"}],"predecessor-version":[{"id":6241,"href":"https:\/\/zanzibar.app\/pl-pl\/wp-json\/wp\/v2\/pages\/3926\/revisions\/6241"}],"wp:attachment":[{"href":"https:\/\/zanzibar.app\/pl-pl\/wp-json\/wp\/v2\/media?parent=3926"}],"curies":[{"name":"wp","href":"https:\/\/api.w.org\/{rel}","templated":true}]}}