{"id":3930,"date":"2020-03-29T05:15:08","date_gmt":"2020-03-29T05:15:08","guid":{"rendered":"http:\/\/wp-test.getgolo.com\/payment-completed\/"},"modified":"2020-03-29T05:15:08","modified_gmt":"2020-03-29T05:15:08","slug":"payment-completed","status":"publish","type":"page","link":"https:\/\/zanzibar.app\/pl-pl\/payment-completed\/","title":{"rendered":"P\u0142atno\u015b\u0107 zako\u0144czona"},"content":{"rendered":"<div class=\"golo-payment-completed-wrap\">\r\n    <div class=\"inner-payment-completed\">\r\n            <div class=\"golo-heading\">\r\n            <h2>Dzi\u0119kujemy za zakupy<\/h2>\r\n        <\/div>\r\n        <div class=\"golo-thankyou-content\">\r\n                       <\/div>\r\n        <a href=\"https:\/\/zanzibar.app\/pl-pl\/dashboard-2\/\" class=\"btn btn-primary gl-button\"> Przejd\u017a do pulpitu nawigacyjnego <\/a>\r\n        <\/div>\r\n<\/div>","protected":false},"excerpt":{"rendered":"","protected":false},"author":1,"featured_media":0,"parent":0,"menu_order":0,"comment_status":"closed","ping_status":"closed","template":"","meta":{"footnotes":""},"class_list":["post-3930","page","type-page","status-publish","hentry"],"yoast_head":"<!-- This site is optimized with the Yoast SEO plugin v27.2 - https:\/\/yoast.com\/product\/yoast-seo-wordpress\/ -->\n<title>Payment Completed - Zanzibar App: Zanzibar Tourism Travel Guide<\/title>\n<meta name=\"robots\" content=\"index, follow, max-snippet:-1, max-image-preview:large, max-video-preview:-1\" \/>\n<link rel=\"canonical\" href=\"https:\/\/zanzibar.app\/pl-pl\/payment-completed\/\" \/>\n<meta property=\"og:locale\" content=\"pl_PL\" \/>\n<meta property=\"og:type\" content=\"article\" \/>\n<meta property=\"og:title\" content=\"Payment Completed - Zanzibar App: Zanzibar Tourism Travel Guide\" \/>\n<meta property=\"og:url\" content=\"https:\/\/zanzibar.app\/pl-pl\/payment-completed\/\" \/>\n<meta property=\"og:site_name\" content=\"Zanzibar App: Zanzibar Tourism Travel Guide\" \/>\n<meta name=\"twitter:card\" content=\"summary_large_image\" \/>\n<script type=\"application\/ld+json\" class=\"yoast-schema-graph\">{\"@context\":\"https:\/\/schema.org\",\"@graph\":[{\"@type\":\"WebPage\",\"@id\":\"https:\/\/zanzibar.app\/payment-completed\/\",\"url\":\"https:\/\/zanzibar.app\/payment-completed\/\",\"name\":\"Payment Completed - Zanzibar App: Zanzibar Tourism Travel Guide\",\"isPartOf\":{\"@id\":\"https:\/\/zanzibar.app\/#website\"},\"datePublished\":\"2020-03-29T05:15:08+00:00\",\"breadcrumb\":{\"@id\":\"https:\/\/zanzibar.app\/payment-completed\/#breadcrumb\"},\"inLanguage\":\"pl-PL\",\"potentialAction\":[{\"@type\":\"ReadAction\",\"target\":[\"https:\/\/zanzibar.app\/payment-completed\/\"]}]},{\"@type\":\"BreadcrumbList\",\"@id\":\"https:\/\/zanzibar.app\/payment-completed\/#breadcrumb\",\"itemListElement\":[{\"@type\":\"ListItem\",\"position\":1,\"name\":\"Startseite\",\"item\":\"https:\/\/zanzibar.app\/\"},{\"@type\":\"ListItem\",\"position\":2,\"name\":\"Payment Completed\"}]},{\"@type\":\"WebSite\",\"@id\":\"https:\/\/zanzibar.app\/#website\",\"url\":\"https:\/\/zanzibar.app\/\",\"name\":\"Zanzibar App: Zanzibar Tourism Travel Guide\",\"description\":\"\",\"potentialAction\":[{\"@type\":\"SearchAction\",\"target\":{\"@type\":\"EntryPoint\",\"urlTemplate\":\"https:\/\/zanzibar.app\/?s={search_term_string}\"},\"query-input\":{\"@type\":\"PropertyValueSpecification\",\"valueRequired\":true,\"valueName\":\"search_term_string\"}}],\"inLanguage\":\"pl-PL\"}]}<\/script>\n<!-- \/ Yoast SEO plugin. -->","yoast_head_json":{"title":"P\u0142atno\u015b\u0107 zrealizowana \u2013 aplikacja Zanzibar: przewodnik turystyczny po Zanzibarze","robots":{"index":"index","follow":"follow","max-snippet":"max-snippet:-1","max-image-preview":"max-image-preview:large","max-video-preview":"max-video-preview:-1"},"canonical":"https:\/\/zanzibar.app\/pl-pl\/payment-completed\/","og_locale":"pl_PL","og_type":"article","og_title":"Payment Completed - Zanzibar App: Zanzibar Tourism Travel Guide","og_url":"https:\/\/zanzibar.app\/pl-pl\/payment-completed\/","og_site_name":"Zanzibar App: Zanzibar Tourism Travel Guide","twitter_card":"summary_large_image","schema":{"@context":"https:\/\/schema.org","@graph":[{"@type":"WebPage","@id":"https:\/\/zanzibar.app\/payment-completed\/","url":"https:\/\/zanzibar.app\/payment-completed\/","name":"P\u0142atno\u015b\u0107 zrealizowana \u2013 aplikacja Zanzibar: przewodnik turystyczny po Zanzibarze","isPartOf":{"@id":"https:\/\/zanzibar.app\/#website"},"datePublished":"2020-03-29T05:15:08+00:00","breadcrumb":{"@id":"https:\/\/zanzibar.app\/payment-completed\/#breadcrumb"},"inLanguage":"pl-PL","potentialAction":[{"@type":"ReadAction","target":["https:\/\/zanzibar.app\/payment-completed\/"]}]},{"@type":"BreadcrumbList","@id":"https:\/\/zanzibar.app\/payment-completed\/#breadcrumb","itemListElement":[{"@type":"ListItem","position":1,"name":"Startseite","item":"https:\/\/zanzibar.app\/"},{"@type":"ListItem","position":2,"name":"Payment Completed"}]},{"@type":"WebSite","@id":"https:\/\/zanzibar.app\/#website","url":"https:\/\/zanzibar.app\/","name":"Aplikacja Zanzibar: przewodnik turystyczny po Zanzibarze","description":"","potentialAction":[{"@type":"SearchAction","target":{"@type":"EntryPoint","urlTemplate":"https:\/\/zanzibar.app\/?s={search_term_string}"},"query-input":{"@type":"PropertyValueSpecification","valueRequired":true,"valueName":"search_term_string"}}],"inLanguage":"pl-PL"}]}},"_links":{"self":[{"href":"https:\/\/zanzibar.app\/pl-pl\/wp-json\/wp\/v2\/pages\/3930","targetHints":{"allow":["GET"]}}],"collection":[{"href":"https:\/\/zanzibar.app\/pl-pl\/wp-json\/wp\/v2\/pages"}],"about":[{"href":"https:\/\/zanzibar.app\/pl-pl\/wp-json\/wp\/v2\/types\/page"}],"author":[{"embeddable":true,"href":"https:\/\/zanzibar.app\/pl-pl\/wp-json\/wp\/v2\/users\/1"}],"replies":[{"embeddable":true,"href":"https:\/\/zanzibar.app\/pl-pl\/wp-json\/wp\/v2\/comments?post=3930"}],"version-history":[{"count":0,"href":"https:\/\/zanzibar.app\/pl-pl\/wp-json\/wp\/v2\/pages\/3930\/revisions"}],"wp:attachment":[{"href":"https:\/\/zanzibar.app\/pl-pl\/wp-json\/wp\/v2\/media?parent=3930"}],"curies":[{"name":"wp","href":"https:\/\/api.w.org\/{rel}","templated":true}]}}