{"id":6413,"date":"2025-04-04T13:07:14","date_gmt":"2025-04-04T11:07:14","guid":{"rendered":"https:\/\/zanzibar.app\/?page_id=6413"},"modified":"2026-01-27T12:14:07","modified_gmt":"2026-01-27T11:14:07","slug":"zanzibar-booking","status":"publish","type":"page","link":"https:\/\/zanzibar.app\/pl-pl\/zanzibar-booking\/","title":{"rendered":"Rezerwacja"},"content":{"rendered":"<div data-elementor-type=\"wp-page\" data-elementor-id=\"6413\" class=\"elementor elementor-6413\">\n\t\t\t\t\t\t<section class=\"elementor-section elementor-top-section elementor-element elementor-element-7a80c3e6 elementor-section-boxed elementor-section-gap-beside-yes elementor-section-height-default elementor-section-height-default elementor-section-column-vertical-align-stretch\" data-id=\"7a80c3e6\" data-element_type=\"section\" data-e-type=\"section\">\n\t\t\t\t\t\t<div class=\"elementor-container elementor-column-gap-extended\">\n\t\t\t\t\t<div class=\"elementor-column elementor-col-100 elementor-top-column elementor-element elementor-element-689bcbf9\" data-id=\"689bcbf9\" data-element_type=\"column\" data-e-type=\"column\">\n\t\t\t<div class=\"elementor-widget-wrap elementor-element-populated\">\n\t\t\t\t\t\t<div class=\"elementor-element elementor-element-c378473 elementor-widget elementor-widget-text-editor\" data-id=\"c378473\" data-element_type=\"widget\" data-e-type=\"widget\" data-widget_type=\"text-editor.default\">\n\t\t\t\t<div class=\"elementor-widget-container\">\n\t\t\t\t\t\t\t\t\t\n<p>\u00a0<\/p>\n\n<h2 class=\"wp-block-heading\">Zarezerwuj i kup niezb\u0119dne rzeczy na Zanzibarze online<\/h2>\n\n<p>Zanzibar, ze swoimi osza\u0142amiaj\u0105cymi pla\u017cami, bogat\u0105 histori\u0105 i \u017cyw\u0105 kultur\u0105, czeka na Ciebie! Skorzystaj z bezkonkurencyjnych cen i zarezerwuj swoje niezb\u0119dne rzeczy online w Zanzibarze ju\u017c teraz za po\u015brednictwem naszego zaufanego partnera. Niezale\u017cnie od tego, czy planujesz relaksuj\u0105ce wakacje na pla\u017cy, czy pe\u0142n\u0105 przyg\u00f3d eksploracj\u0119, mamy najlepsze oferty na hotele i loty do Zanzibaru.<\/p>\n\n<p>Nie przegap \u2013 zarezerwuj<strong> <a href=\"https:\/\/hotels.tiketi.com\/\" target=\"_blank\" rel=\"noreferrer noopener\">tani lot do Zanzibaru<\/a> <\/strong>ju\u017c dzi\u015b i rozpocznij niezapomnian\u0105 podr\u00f3\u017c!<\/p>\n<p>\u00a0<\/p>\n<ul class=\"wp-block-list\">\n<li><a href=\"https:\/\/zanzibar.app\/pl-pl\/?s=&amp;post_type=place&amp;category=stay&amp;caid=172\" target=\"_blank\" rel=\"noopener\">Hotele<\/a><\/li>\n<li><a href=\"https:\/\/gettransfer.tp.st\/Z6lFNgOH?trs=393396&amp;journey_id=pGWgzFdD-ACpDMzh39RqD&amp;trace_id=Zz8ed7e4e8b8ee4a8b9606add-327405&amp;promo_kind=tp_short&amp;page_url=https%3A%2F%2Fzanzibar.app%2Fzanzibar-booking%2F%3Felementor-preview%3D6246%26ver%3D1743756257&amp;product_type=tp_manual&amp;install_type=partner\" target=\"_blank\" rel=\"noreferrer noopener\">Transfery lotniskowe<\/a><\/li>\n<li><a href=\"https:\/\/zanzibar.app\/pl-pl\/zanzibar-ride-hailing\/\" target=\"_blank\" rel=\"noreferrer noopener\">Przejazdy na zam\u00f3wienie<\/a><\/li>\n\n<li><a href=\"https:\/\/zanzibar.app\/pl-pl\/zanzibar-travel-health-insurance\/\" target=\"_blank\" rel=\"noreferrer noopener\">Ubezpieczenie medyczne w podr\u00f3\u017cy<\/a><\/li>\n\n<li><a href=\"https:\/\/www.qeeq.com\/car\/search?lang=en&amp;id=32564d6a804768025c92dd49aebe4e9b\" target=\"_blank\" rel=\"noreferrer noopener\">Wynajem samochod\u00f3w<\/a><\/li>\n\n<li><a href=\"https:\/\/yesim.app\/country\/tanzania\/\" target=\"_blank\" rel=\"noreferrer noopener\">Wirtualne karty SIM dla podr\u00f3\u017cuj\u0105cych<\/a> \/ Plany danych<\/li>\n<li><a href=\"https:\/\/hotels.tiketi.com\/\" target=\"_blank\" rel=\"noreferrer noopener\">Tanie loty<\/a><\/li>\n<li><a href=\"https:\/\/tiketi.com\/tours-and-activities\/\" target=\"_blank\" rel=\"noreferrer noopener\">Pakiety wycieczek do Tanzanii<\/a> &amp; Wi\u0119cej<\/li>\n<\/ul>\n<!-- \/wp:list -->\t\t\t\t\t\t\t\t<\/div>\n\t\t\t\t<\/div>\n\t\t\t\t\t<\/div>\n\t\t<\/div>\n\t\t\t\t\t<\/div>\n\t\t<\/section>\n\t\t\t\t<\/div>","protected":false},"excerpt":{"rendered":"<p>\u00a0 Book and Shop for Your Zanzibar Essentials Online Zanzibar, with its stunning beaches, rich history, and vibrant culture, awaits you! Take advantage of unbeatable prices and book your essentials online in Zanzibar now through our trusted partner. Whether you\u2019re planning a relaxing beach vacation or an adventurous exploration, we\u2019ve got the best deals on [&hellip;]<\/p>\n","protected":false},"author":1,"featured_media":0,"parent":0,"menu_order":0,"comment_status":"closed","ping_status":"closed","template":"","meta":{"footnotes":""},"class_list":["post-6413","page","type-page","status-publish","hentry"],"yoast_head":"<!-- This site is optimized with the Yoast SEO plugin v27.2 - https:\/\/yoast.com\/product\/yoast-seo-wordpress\/ -->\n<title>Booking - Zanzibar App: Zanzibar Tourism Travel Guide<\/title>\n<meta name=\"robots\" content=\"index, follow, max-snippet:-1, max-image-preview:large, max-video-preview:-1\" \/>\n<link rel=\"canonical\" href=\"https:\/\/zanzibar.app\/pl-pl\/zanzibar-booking\/\" \/>\n<meta property=\"og:locale\" content=\"pl_PL\" \/>\n<meta property=\"og:type\" content=\"article\" \/>\n<meta property=\"og:title\" content=\"Booking - Zanzibar App: Zanzibar Tourism Travel Guide\" \/>\n<meta property=\"og:description\" content=\"\u00a0 Book and Shop for Your Zanzibar Essentials Online Zanzibar, with its stunning beaches, rich history, and vibrant culture, awaits you! Take advantage of unbeatable prices and book your essentials online in Zanzibar now through our trusted partner. Whether you\u2019re planning a relaxing beach vacation or an adventurous exploration, we\u2019ve got the best deals on [&hellip;]\" \/>\n<meta property=\"og:url\" content=\"https:\/\/zanzibar.app\/pl-pl\/zanzibar-booking\/\" \/>\n<meta property=\"og:site_name\" content=\"Zanzibar App: Zanzibar Tourism Travel Guide\" \/>\n<meta property=\"article:modified_time\" content=\"2026-01-27T11:14:07+00:00\" \/>\n<meta name=\"twitter:card\" content=\"summary_large_image\" \/>\n<meta name=\"twitter:label1\" content=\"Szacowany czas czytania\" \/>\n\t<meta name=\"twitter:data1\" content=\"1 minuta\" \/>\n<script type=\"application\/ld+json\" class=\"yoast-schema-graph\">{\"@context\":\"https:\/\/schema.org\",\"@graph\":[{\"@type\":\"WebPage\",\"@id\":\"https:\/\/zanzibar.app\/zanzibar-booking\/\",\"url\":\"https:\/\/zanzibar.app\/zanzibar-booking\/\",\"name\":\"Booking - Zanzibar App: Zanzibar Tourism Travel Guide\",\"isPartOf\":{\"@id\":\"https:\/\/zanzibar.app\/#website\"},\"datePublished\":\"2025-04-04T11:07:14+00:00\",\"dateModified\":\"2026-01-27T11:14:07+00:00\",\"breadcrumb\":{\"@id\":\"https:\/\/zanzibar.app\/zanzibar-booking\/#breadcrumb\"},\"inLanguage\":\"pl-PL\",\"potentialAction\":[{\"@type\":\"ReadAction\",\"target\":[\"https:\/\/zanzibar.app\/zanzibar-booking\/\"]}]},{\"@type\":\"BreadcrumbList\",\"@id\":\"https:\/\/zanzibar.app\/zanzibar-booking\/#breadcrumb\",\"itemListElement\":[{\"@type\":\"ListItem\",\"position\":1,\"name\":\"Startseite\",\"item\":\"https:\/\/zanzibar.app\/\"},{\"@type\":\"ListItem\",\"position\":2,\"name\":\"Booking\"}]},{\"@type\":\"WebSite\",\"@id\":\"https:\/\/zanzibar.app\/#website\",\"url\":\"https:\/\/zanzibar.app\/\",\"name\":\"Zanzibar App: Zanzibar Tourism Travel Guide\",\"description\":\"\",\"potentialAction\":[{\"@type\":\"SearchAction\",\"target\":{\"@type\":\"EntryPoint\",\"urlTemplate\":\"https:\/\/zanzibar.app\/?s={search_term_string}\"},\"query-input\":{\"@type\":\"PropertyValueSpecification\",\"valueRequired\":true,\"valueName\":\"search_term_string\"}}],\"inLanguage\":\"pl-PL\"}]}<\/script>\n<!-- \/ Yoast SEO plugin. -->","yoast_head_json":{"title":"Rezerwacja - aplikacja Zanzibar: przewodnik turystyczny po Zanzibarze","robots":{"index":"index","follow":"follow","max-snippet":"max-snippet:-1","max-image-preview":"max-image-preview:large","max-video-preview":"max-video-preview:-1"},"canonical":"https:\/\/zanzibar.app\/pl-pl\/zanzibar-booking\/","og_locale":"pl_PL","og_type":"article","og_title":"Booking - Zanzibar App: Zanzibar Tourism Travel Guide","og_description":"\u00a0 Book and Shop for Your Zanzibar Essentials Online Zanzibar, with its stunning beaches, rich history, and vibrant culture, awaits you! Take advantage of unbeatable prices and book your essentials online in Zanzibar now through our trusted partner. Whether you\u2019re planning a relaxing beach vacation or an adventurous exploration, we\u2019ve got the best deals on [&hellip;]","og_url":"https:\/\/zanzibar.app\/pl-pl\/zanzibar-booking\/","og_site_name":"Zanzibar App: Zanzibar Tourism Travel Guide","article_modified_time":"2026-01-27T11:14:07+00:00","twitter_card":"summary_large_image","twitter_misc":{"Szacowany czas czytania":"1 minuta"},"schema":{"@context":"https:\/\/schema.org","@graph":[{"@type":"WebPage","@id":"https:\/\/zanzibar.app\/zanzibar-booking\/","url":"https:\/\/zanzibar.app\/zanzibar-booking\/","name":"Rezerwacja - aplikacja Zanzibar: przewodnik turystyczny po Zanzibarze","isPartOf":{"@id":"https:\/\/zanzibar.app\/#website"},"datePublished":"2025-04-04T11:07:14+00:00","dateModified":"2026-01-27T11:14:07+00:00","breadcrumb":{"@id":"https:\/\/zanzibar.app\/zanzibar-booking\/#breadcrumb"},"inLanguage":"pl-PL","potentialAction":[{"@type":"ReadAction","target":["https:\/\/zanzibar.app\/zanzibar-booking\/"]}]},{"@type":"BreadcrumbList","@id":"https:\/\/zanzibar.app\/zanzibar-booking\/#breadcrumb","itemListElement":[{"@type":"ListItem","position":1,"name":"Startseite","item":"https:\/\/zanzibar.app\/"},{"@type":"ListItem","position":2,"name":"Booking"}]},{"@type":"WebSite","@id":"https:\/\/zanzibar.app\/#website","url":"https:\/\/zanzibar.app\/","name":"Aplikacja Zanzibar: przewodnik turystyczny po Zanzibarze","description":"","potentialAction":[{"@type":"SearchAction","target":{"@type":"EntryPoint","urlTemplate":"https:\/\/zanzibar.app\/?s={search_term_string}"},"query-input":{"@type":"PropertyValueSpecification","valueRequired":true,"valueName":"search_term_string"}}],"inLanguage":"pl-PL"}]}},"_links":{"self":[{"href":"https:\/\/zanzibar.app\/pl-pl\/wp-json\/wp\/v2\/pages\/6413","targetHints":{"allow":["GET"]}}],"collection":[{"href":"https:\/\/zanzibar.app\/pl-pl\/wp-json\/wp\/v2\/pages"}],"about":[{"href":"https:\/\/zanzibar.app\/pl-pl\/wp-json\/wp\/v2\/types\/page"}],"author":[{"embeddable":true,"href":"https:\/\/zanzibar.app\/pl-pl\/wp-json\/wp\/v2\/users\/1"}],"replies":[{"embeddable":true,"href":"https:\/\/zanzibar.app\/pl-pl\/wp-json\/wp\/v2\/comments?post=6413"}],"version-history":[{"count":10,"href":"https:\/\/zanzibar.app\/pl-pl\/wp-json\/wp\/v2\/pages\/6413\/revisions"}],"predecessor-version":[{"id":6544,"href":"https:\/\/zanzibar.app\/pl-pl\/wp-json\/wp\/v2\/pages\/6413\/revisions\/6544"}],"wp:attachment":[{"href":"https:\/\/zanzibar.app\/pl-pl\/wp-json\/wp\/v2\/media?parent=6413"}],"curies":[{"name":"wp","href":"https:\/\/api.w.org\/{rel}","templated":true}]}}