{"id":3926,"date":"2019-09-02T10:02:29","date_gmt":"2019-09-02T08:02:29","guid":{"rendered":"https:\/\/wp-test.getgolo.com\/?page_id=3"},"modified":"2025-03-20T12:22:54","modified_gmt":"2025-03-20T11:22:54","slug":"privacy-policy","status":"publish","type":"page","link":"https:\/\/zanzibar.app\/pt-pt\/privacy-policy\/","title":{"rendered":"pol\u00edtica de Privacidade"},"content":{"rendered":"<div data-elementor-type=\"wp-page\" data-elementor-id=\"3926\" class=\"elementor elementor-3926\">\n\t\t\t\t\t\t<section class=\"elementor-section elementor-top-section elementor-element elementor-element-4ec4d738 elementor-section-boxed elementor-section-gap-beside-yes elementor-section-height-default elementor-section-height-default elementor-section-column-vertical-align-stretch\" data-id=\"4ec4d738\" data-element_type=\"section\" data-e-type=\"section\">\n\t\t\t\t\t\t<div class=\"elementor-container elementor-column-gap-extended\">\n\t\t\t\t\t<div class=\"elementor-column elementor-col-100 elementor-top-column elementor-element elementor-element-74fb24b0\" data-id=\"74fb24b0\" data-element_type=\"column\" data-e-type=\"column\">\n\t\t\t<div class=\"elementor-widget-wrap elementor-element-populated\">\n\t\t\t\t\t\t<div class=\"elementor-element elementor-element-2a95b0f8 elementor-widget elementor-widget-text-editor\" data-id=\"2a95b0f8\" data-element_type=\"widget\" data-e-type=\"widget\" data-widget_type=\"text-editor.default\">\n\t\t\t\t<div class=\"elementor-widget-container\">\n\t\t\t\t\t\t\t\t\t<h2>Pol\u00edtica de privacidade para Zanzibar.app<\/h2><p>Data efetiva: 20.03.2025<\/p><p>\u00a0<\/p><h3>1. Introdu\u00e7\u00e3o<\/h3><p>Bem-vindo ao Zanzibar.app, um aplicativo criado para ajudar voc\u00ea a descobrir e planejar suas experi\u00eancias de viagem. Sua privacidade \u00e9 extremamente importante para n\u00f3s, e estamos comprometidos em proteger seus dados pessoais. Esta Pol\u00edtica de Privacidade explica como coletamos, usamos, divulgamos e protegemos suas informa\u00e7\u00f5es quando voc\u00ea usa nosso aplicativo, e descreve seus direitos em rela\u00e7\u00e3o aos seus dados pessoais.<\/p><p>Por favor, leia esta Pol\u00edtica de Privacidade cuidadosamente para entender como seus dados s\u00e3o manipulados ao usar nosso aplicativo e servi\u00e7os relacionados. Se voc\u00ea tiver alguma d\u00favida ou preocupa\u00e7\u00e3o sobre esta pol\u00edtica, sinta-se \u00e0 vontade para entrar em contato conosco.<\/p><p>\u00a0<\/p><h3>2. \u00c2mbito desta Pol\u00edtica<\/h3><p>Esta Pol\u00edtica de Privacidade se aplica ao aplicativo m\u00f3vel Zanzibar. app e quaisquer servi\u00e7os ou recursos relacionados que oferecemos. Ela tamb\u00e9m abrange servi\u00e7os de terceiros integrados ao aplicativo, como gateways de pagamento, ferramentas de an\u00e1lise (incluindo o Google Analytics) e outros. No entanto, esta pol\u00edtica n\u00e3o se aplica a aplicativos, sites ou servi\u00e7os de terceiros que podem estar vinculados ao nosso aplicativo, que t\u00eam suas pr\u00f3prias pr\u00e1ticas de privacidade.<\/p><p>\u00a0<\/p><h3>3. Dados que coletamos<\/h3><p>Coletamos os seguintes tipos de dados quando voc\u00ea usa nosso aplicativo:<\/p><p><br \/>\u2022 Informa\u00e7\u00f5es pessoais: quando voc\u00ea cria uma conta, podemos coletar dados pessoais, como seu nome e endere\u00e7o de e-mail.<\/p><p><br \/>\u2022 Dados de localiza\u00e7\u00e3o aproximados: Podemos coletar seus dados de localiza\u00e7\u00e3o aproximados para fornecer recomenda\u00e7\u00f5es personalizadas e informa\u00e7\u00f5es de viagem relevantes com base em seu paradeiro. Voc\u00ea pode gerenciar esse recurso por meio das configura\u00e7\u00f5es do seu dispositivo.<\/p><p><br \/>\u2022 Informa\u00e7\u00f5es do aplicativo e dados de desempenho: coletamos logs de falhas, diagn\u00f3sticos e dados de desempenho do aplicativo para monitorar e melhorar a estabilidade e a funcionalidade do aplicativo. Isso nos ajuda a identificar e resolver bugs e problemas de desempenho rapidamente.<\/p><p><br \/>\u2022 Atividade do aplicativo: os dados de atividade do aplicativo s\u00e3o coletados para analisar como os usu\u00e1rios interagem com nosso aplicativo. Isso inclui recursos de rastreamento usados, comportamento de navega\u00e7\u00e3o e outras atividades no aplicativo para nos ajudar a melhorar a usabilidade e a funcionalidade do aplicativo.<\/p><p><br \/>\u2022 Dispositivo ou outros identificadores: coletamos identificadores de dispositivo (como ID do dispositivo ou outros identificadores exclusivos) para rastrear o uso do aplicativo, gerenciar o desempenho e fornecer conte\u00fado ou notifica\u00e7\u00f5es relevantes. Isso nos ajuda a melhorar sua experi\u00eancia personalizando os recursos do aplicativo com base no dispositivo.<\/p><p>\u00a0<\/p><h4>4. Por que coletamos dados<\/h4><p>Coletamos seus dados para os seguintes prop\u00f3sitos:<\/p><p>Para fornecer recomenda\u00e7\u00f5es de viagem personalizadas, como guias de viagem baseados em localiza\u00e7\u00e3o.<br \/>Para melhorar a funcionalidade e o desempenho do aplicativo.<br \/>Para processar sua conta e gerenciar suas prefer\u00eancias.<br \/>Para cumprir obriga\u00e7\u00f5es legais.<br \/>Para melhorar a experi\u00eancia do usu\u00e1rio e fornecer suporte ao cliente.<\/p><p><br \/>Coletamos apenas os dados necess\u00e1rios para operar o aplicativo de forma eficaz e lhe proporcionar a melhor experi\u00eancia poss\u00edvel.<\/p><p>\u00a0<\/p><h3>5. Como usamos seus dados<\/h3><p>Seus dados s\u00e3o usados das seguintes maneiras:<\/p><p>Personaliza\u00e7\u00e3o: usamos dados aproximados de localiza\u00e7\u00e3o e atividade do aplicativo para oferecer experi\u00eancias de viagem e recomenda\u00e7\u00f5es personalizadas.<br \/>Melhorias no aplicativo: analisamos o desempenho do aplicativo e o comportamento do usu\u00e1rio para refinar nossos recursos.<br \/>Comunica\u00e7\u00e3o: Podemos enviar notifica\u00e7\u00f5es sobre atualiza\u00e7\u00f5es, promo\u00e7\u00f5es ou informa\u00e7\u00f5es importantes sobre o aplicativo.<br \/>Analytics: Podemos usar dados para executar an\u00e1lises e medir o desempenho do aplicativo. Isso inclui usar servi\u00e7os de an\u00e1lise de terceiros, como o Google Analytics, para nos ajudar a entender como os usu\u00e1rios interagem com o aplicativo e melhorar sua funcionalidade.<\/p><h3>\u00a0<\/h3><h3>6. Google Analytics<\/h3><p>Usamos o Google Analytics, um servi\u00e7o fornecido pelo Google, para rastrear e analisar como os usu\u00e1rios interagem com nosso aplicativo. O Google Analytics coleta informa\u00e7\u00f5es como as p\u00e1ginas que voc\u00ea visita, o dispositivo que voc\u00ea est\u00e1 usando e outras atividades dentro do aplicativo. Esses dados nos ajudam a melhorar o desempenho e a funcionalidade do aplicativo.<\/p><p>O Google Analytics coleta dados por meio de cookies, identificadores de dispositivos e outras tecnologias de rastreamento. Para obter mais informa\u00e7\u00f5es sobre como o Google Analytics coleta e processa dados, consulte a Pol\u00edtica de Privacidade do Google.<\/p><p>Voc\u00ea pode cancelar o Google Analytics usando o complemento do navegador para desativa\u00e7\u00e3o do Google Analytics.<\/p><p>\u00a0<\/p><h3>7. Compartilhamento e divulga\u00e7\u00e3o de dados<\/h3><p>Podemos compartilhar seus dados nas seguintes circunst\u00e2ncias:<\/p><p>Com provedores de servi\u00e7os: compartilhamos dados com provedores terceirizados, como plataformas de an\u00e1lise ou processadores de pagamento, para nos ajudar a fornecer recursos e servi\u00e7os de aplicativos.<br \/>Com autoridades legais: Podemos divulgar seus dados se exigido por lei ou para proteger nossos direitos, seguran\u00e7a ou os direitos de terceiros.<br \/>Dados agregados e n\u00e3o identific\u00e1veis: podemos compartilhar dados agregados ou anonimizados que n\u00e3o o identificam para fins de pesquisa ou an\u00e1lise.<br \/>N\u00e3o compartilharemos ou venderemos seus dados pessoais a terceiros para fins de marketing.<\/p><p>\u00a0<\/p><h3>8. Reten\u00e7\u00e3o de dados<\/h3><p>Reteremos seus dados pessoais somente pelo tempo necess\u00e1rio para cumprir os prop\u00f3sitos descritos nesta pol\u00edtica. Se voc\u00ea optar por excluir sua conta, removeremos suas informa\u00e7\u00f5es pessoais dentro de um per\u00edodo razo\u00e1vel, exceto quando a reten\u00e7\u00e3o for necess\u00e1ria por motivos legais ou regulat\u00f3rios.<\/p><p>\u00a0<\/p><h3>9. Seguran\u00e7a de dados<\/h3><p>Levamos a seguran\u00e7a dos seus dados a s\u00e9rio. Empregamos uma variedade de medidas t\u00e9cnicas e organizacionais para proteger suas informa\u00e7\u00f5es, incluindo:<\/p><p>Criptografia: Usamos criptografia para proteger dados confidenciais transmitidos pela internet.<br \/>Controles de acesso: limitamos o acesso aos seus dados somente a pessoal autorizado.<br \/>Auditorias de seguran\u00e7a regulares: realizamos verifica\u00e7\u00f5es de rotina para garantir que nossas medidas de seguran\u00e7a permane\u00e7am eficazes.<br \/>Embora tomemos medidas razo\u00e1veis para proteger seus dados, nenhum sistema de seguran\u00e7a \u00e9 completamente invulner\u00e1vel e n\u00e3o podemos garantir seguran\u00e7a absoluta.<\/p><p>\u00a0<\/p><h3>10. Seus direitos e escolhas (conformidade com o GDPR)<\/h3><p>Em conformidade com o Regulamento Geral de Prote\u00e7\u00e3o de Dados (GDPR), se voc\u00ea estiver localizado na Uni\u00e3o Europeia ou no Espa\u00e7o Econ\u00f4mico Europeu, voc\u00ea tem os seguintes direitos em rela\u00e7\u00e3o aos seus dados pessoais:<\/p><p>Acesso: Voc\u00ea pode solicitar uma c\u00f3pia dos dados que temos sobre voc\u00ea.<br \/>Corre\u00e7\u00e3o: Voc\u00ea pode atualizar ou corrigir suas informa\u00e7\u00f5es pessoais.<br \/>Exclus\u00e3o: Voc\u00ea pode solicitar que excluamos seus dados pessoais, sujeito a certas exce\u00e7\u00f5es legais.<br \/>Portabilidade: voc\u00ea pode solicitar o recebimento de seus dados em um formato estruturado, comumente usado e leg\u00edvel por m\u00e1quina.<br \/>Retirada do consentimento: voc\u00ea pode retirar o consentimento para coleta de dados a qualquer momento ajustando as configura\u00e7\u00f5es do seu aplicativo ou entrando em contato conosco.<br \/>Para exercer qualquer um dos seus direitos sob o GDPR, entre em contato conosco usando as informa\u00e7\u00f5es fornecidas abaixo.<\/p><p>\u00a0<\/p><h3>11. Cookies e Rastreamento<\/h3><p>Podemos usar cookies ou tecnologias de rastreamento semelhantes para coletar dados sobre o uso do seu aplicativo. Essas ferramentas nos ajudam a aprimorar sua experi\u00eancia lembrando prefer\u00eancias ou analisando tend\u00eancias. Voc\u00ea pode gerenciar ou desabilitar cookies por meio das configura\u00e7\u00f5es do seu dispositivo.<\/p><p>\u00a0<\/p><h3>12. Transfer\u00eancias internacionais de dados<\/h3><p>Seus dados podem ser transferidos e processados em pa\u00edses fora de sua jurisdi\u00e7\u00e3o, incluindo pa\u00edses que podem n\u00e3o ter as mesmas leis de prote\u00e7\u00e3o de dados que a sua. Tomamos medidas apropriadas para proteger seus dados durante transfer\u00eancias internacionais, como usar cl\u00e1usulas contratuais ou outras salvaguardas.<\/p><p>\u00a0<\/p><h3>13. Requisitos de idade<\/h3><p>Nosso aplicativo n\u00e3o \u00e9 destinado a crian\u00e7as menores de 18 anos, e n\u00e3o coletamos intencionalmente dados pessoais de crian\u00e7as. Se tomarmos conhecimento de que coletamos inadvertidamente dados de uma crian\u00e7a, tomaremos medidas para excluir esses dados.<\/p><p>\u00a0<\/p><h3>14. Altera\u00e7\u00f5es a esta Pol\u00edtica<\/h3><p>Podemos atualizar esta Pol\u00edtica de Privacidade de tempos em tempos para refletir mudan\u00e7as em nossas pr\u00e1ticas ou requisitos legais. N\u00f3s o notificaremos sobre mudan\u00e7as significativas por meio do aplicativo ou por e-mail. Verifique esta p\u00e1gina periodicamente para atualiza\u00e7\u00f5es.<\/p><p>\u00a0<\/p><h3>15. Contate-nos<\/h3><p>Caso tenha alguma d\u00favida ou preocupa\u00e7\u00e3o sobre esta Pol\u00edtica de Privacidade ou nossas pr\u00e1ticas de dados, entre em contato conosco em:<\/p><p>E-mail: support @ zanzibar.app<\/p><p>\u00a0<\/p><p>Ao usar nosso aplicativo, voc\u00ea concorda com a coleta e o uso de informa\u00e7\u00f5es de acordo com esta Pol\u00edtica de Privacidade.<\/p>\t\t\t\t\t\t\t\t<\/div>\n\t\t\t\t<\/div>\n\t\t\t\t\t<\/div>\n\t\t<\/div>\n\t\t\t\t\t<\/div>\n\t\t<\/section>\n\t\t\t\t<\/div>","protected":false},"excerpt":{"rendered":"<p>Privacy Policy for Zanzibar.app Effective Date: 20.03.2025 \u00a0 1. Introduction Welcome to Zanzibar.app, an app designed to help you discover and plan your travel experiences. Your privacy is extremely important to us, and we are committed to protecting your personal data. This Privacy Policy explains how we collect, use, disclose, and safeguard your information when [&hellip;]<\/p>\n","protected":false},"author":1,"featured_media":0,"parent":0,"menu_order":0,"comment_status":"closed","ping_status":"closed","template":"","meta":{"footnotes":""},"class_list":["post-3926","page","type-page","status-publish","hentry"],"yoast_head":"<!-- This site is optimized with the Yoast SEO plugin v27.2 - https:\/\/yoast.com\/product\/yoast-seo-wordpress\/ -->\n<title>Privacy Policy - Zanzibar App: Zanzibar Tourism Travel Guide<\/title>\n<meta name=\"robots\" content=\"index, follow, max-snippet:-1, max-image-preview:large, max-video-preview:-1\" \/>\n<link rel=\"canonical\" href=\"https:\/\/zanzibar.app\/pt-pt\/privacy-policy\/\" \/>\n<meta property=\"og:locale\" content=\"pt_PT\" \/>\n<meta property=\"og:type\" content=\"article\" \/>\n<meta property=\"og:title\" content=\"Privacy Policy - Zanzibar App: Zanzibar Tourism Travel Guide\" \/>\n<meta property=\"og:description\" content=\"Privacy Policy for Zanzibar.app Effective Date: 20.03.2025 \u00a0 1. Introduction Welcome to Zanzibar.app, an app designed to help you discover and plan your travel experiences. Your privacy is extremely important to us, and we are committed to protecting your personal data. This Privacy Policy explains how we collect, use, disclose, and safeguard your information when [&hellip;]\" \/>\n<meta property=\"og:url\" content=\"https:\/\/zanzibar.app\/pt-pt\/privacy-policy\/\" \/>\n<meta property=\"og:site_name\" content=\"Zanzibar App: Zanzibar Tourism Travel Guide\" \/>\n<meta property=\"article:modified_time\" content=\"2025-03-20T11:22:54+00:00\" \/>\n<meta name=\"twitter:card\" content=\"summary_large_image\" \/>\n<meta name=\"twitter:label1\" content=\"Tempo estimado de leitura\" \/>\n\t<meta name=\"twitter:data1\" content=\"6 minutos\" \/>\n<script type=\"application\/ld+json\" class=\"yoast-schema-graph\">{\"@context\":\"https:\/\/schema.org\",\"@graph\":[{\"@type\":\"WebPage\",\"@id\":\"https:\/\/zanzibar.app\/privacy-policy\/\",\"url\":\"https:\/\/zanzibar.app\/privacy-policy\/\",\"name\":\"Privacy Policy - Zanzibar App: Zanzibar Tourism Travel Guide\",\"isPartOf\":{\"@id\":\"https:\/\/zanzibar.app\/#website\"},\"datePublished\":\"2019-09-02T08:02:29+00:00\",\"dateModified\":\"2025-03-20T11:22:54+00:00\",\"breadcrumb\":{\"@id\":\"https:\/\/zanzibar.app\/privacy-policy\/#breadcrumb\"},\"inLanguage\":\"pt-PT\",\"potentialAction\":[{\"@type\":\"ReadAction\",\"target\":[\"https:\/\/zanzibar.app\/privacy-policy\/\"]}]},{\"@type\":\"BreadcrumbList\",\"@id\":\"https:\/\/zanzibar.app\/privacy-policy\/#breadcrumb\",\"itemListElement\":[{\"@type\":\"ListItem\",\"position\":1,\"name\":\"Startseite\",\"item\":\"https:\/\/zanzibar.app\/\"},{\"@type\":\"ListItem\",\"position\":2,\"name\":\"Privacy Policy\"}]},{\"@type\":\"WebSite\",\"@id\":\"https:\/\/zanzibar.app\/#website\",\"url\":\"https:\/\/zanzibar.app\/\",\"name\":\"Zanzibar App: Zanzibar Tourism Travel Guide\",\"description\":\"\",\"potentialAction\":[{\"@type\":\"SearchAction\",\"target\":{\"@type\":\"EntryPoint\",\"urlTemplate\":\"https:\/\/zanzibar.app\/?s={search_term_string}\"},\"query-input\":{\"@type\":\"PropertyValueSpecification\",\"valueRequired\":true,\"valueName\":\"search_term_string\"}}],\"inLanguage\":\"pt-PT\"}]}<\/script>\n<!-- \/ Yoast SEO plugin. -->","yoast_head_json":{"title":"Pol\u00edtica de Privacidade - Aplicativo Zanzibar: Guia de Turismo de Zanzibar","robots":{"index":"index","follow":"follow","max-snippet":"max-snippet:-1","max-image-preview":"max-image-preview:large","max-video-preview":"max-video-preview:-1"},"canonical":"https:\/\/zanzibar.app\/pt-pt\/privacy-policy\/","og_locale":"pt_PT","og_type":"article","og_title":"Privacy Policy - Zanzibar App: Zanzibar Tourism Travel Guide","og_description":"Privacy Policy for Zanzibar.app Effective Date: 20.03.2025 \u00a0 1. Introduction Welcome to Zanzibar.app, an app designed to help you discover and plan your travel experiences. Your privacy is extremely important to us, and we are committed to protecting your personal data. This Privacy Policy explains how we collect, use, disclose, and safeguard your information when [&hellip;]","og_url":"https:\/\/zanzibar.app\/pt-pt\/privacy-policy\/","og_site_name":"Zanzibar App: Zanzibar Tourism Travel Guide","article_modified_time":"2025-03-20T11:22:54+00:00","twitter_card":"summary_large_image","twitter_misc":{"Tempo estimado de leitura":"6 minutos"},"schema":{"@context":"https:\/\/schema.org","@graph":[{"@type":"WebPage","@id":"https:\/\/zanzibar.app\/privacy-policy\/","url":"https:\/\/zanzibar.app\/privacy-policy\/","name":"Pol\u00edtica de Privacidade - Aplicativo Zanzibar: Guia de Turismo de Zanzibar","isPartOf":{"@id":"https:\/\/zanzibar.app\/#website"},"datePublished":"2019-09-02T08:02:29+00:00","dateModified":"2025-03-20T11:22:54+00:00","breadcrumb":{"@id":"https:\/\/zanzibar.app\/privacy-policy\/#breadcrumb"},"inLanguage":"pt-PT","potentialAction":[{"@type":"ReadAction","target":["https:\/\/zanzibar.app\/privacy-policy\/"]}]},{"@type":"BreadcrumbList","@id":"https:\/\/zanzibar.app\/privacy-policy\/#breadcrumb","itemListElement":[{"@type":"ListItem","position":1,"name":"Startseite","item":"https:\/\/zanzibar.app\/"},{"@type":"ListItem","position":2,"name":"Privacy Policy"}]},{"@type":"WebSite","@id":"https:\/\/zanzibar.app\/#website","url":"https:\/\/zanzibar.app\/","name":"Zanzibar App: Guia de Turismo de Zanzibar","description":"","potentialAction":[{"@type":"SearchAction","target":{"@type":"EntryPoint","urlTemplate":"https:\/\/zanzibar.app\/?s={search_term_string}"},"query-input":{"@type":"PropertyValueSpecification","valueRequired":true,"valueName":"search_term_string"}}],"inLanguage":"pt-PT"}]}},"_links":{"self":[{"href":"https:\/\/zanzibar.app\/pt-pt\/wp-json\/wp\/v2\/pages\/3926","targetHints":{"allow":["GET"]}}],"collection":[{"href":"https:\/\/zanzibar.app\/pt-pt\/wp-json\/wp\/v2\/pages"}],"about":[{"href":"https:\/\/zanzibar.app\/pt-pt\/wp-json\/wp\/v2\/types\/page"}],"author":[{"embeddable":true,"href":"https:\/\/zanzibar.app\/pt-pt\/wp-json\/wp\/v2\/users\/1"}],"replies":[{"embeddable":true,"href":"https:\/\/zanzibar.app\/pt-pt\/wp-json\/wp\/v2\/comments?post=3926"}],"version-history":[{"count":10,"href":"https:\/\/zanzibar.app\/pt-pt\/wp-json\/wp\/v2\/pages\/3926\/revisions"}],"predecessor-version":[{"id":6241,"href":"https:\/\/zanzibar.app\/pt-pt\/wp-json\/wp\/v2\/pages\/3926\/revisions\/6241"}],"wp:attachment":[{"href":"https:\/\/zanzibar.app\/pt-pt\/wp-json\/wp\/v2\/media?parent=3926"}],"curies":[{"name":"wp","href":"https:\/\/api.w.org\/{rel}","templated":true}]}}